{"id":1298,"date":"2024-03-26T18:28:40","date_gmt":"2024-03-26T17:28:40","guid":{"rendered":"https:\/\/www.gruasybasculantesdac.com\/?post_type=product&#038;p=1298"},"modified":"2024-03-26T18:28:40","modified_gmt":"2024-03-26T17:28:40","slug":"p-280-ck-edrive","status":"publish","type":"product","link":"https:\/\/www.gruasybasculantesdac.com\/en\/p-280-ck-edrive\/","title":{"rendered":"P 280 CK EDRIVE"},"content":{"rendered":"<p data-sourcepos=\"3:1-3:66\"><strong>El todoterreno sin emisiones que redefine el trabajo en altura<\/strong><\/p>\n<p data-sourcepos=\"5:1-5:297\">La <strong>Palfinger P 280 CK eDRIVE<\/strong> es una gr\u00faa articulada de \u00faltima generaci\u00f3n que combina un dise\u00f1o robusto y vers\u00e1til con un innovador sistema de accionamiento completamente el\u00e9ctrico. Esta plataforma a\u00e9rea ofrece una soluci\u00f3n sostenible, silenciosa y potente para una amplia gama de aplicaciones.<\/p>\n<p data-sourcepos=\"7:1-7:32\">\n<p data-sourcepos=\"7:1-7:32\"><strong>Caracter\u00edsticas principales:<\/strong><\/p>\n<ul data-sourcepos=\"9:1-22:0\">\n<li data-sourcepos=\"9:1-11:137\"><strong>Eficiencia sin emisiones:<\/strong>\n<ul data-sourcepos=\"10:5-11:137\">\n<li data-sourcepos=\"10:5-10:107\"><strong>Funcionamiento completamente el\u00e9ctrico:<\/strong>\u00a0Reduce el impacto ambiental y mejora la calidad del aire.<\/li>\n<li data-sourcepos=\"11:5-11:137\"><strong>Ideal para \u00e1reas sensibles:<\/strong>\u00a0Permite trabajar en zonas con restricciones de emisiones, como \u00e1reas urbanas y cerca de hospitales.<\/li>\n<\/ul>\n<\/li>\n<li data-sourcepos=\"12:1-16:79\"><strong>Rendimiento y versatilidad:<\/strong>\n<ul data-sourcepos=\"13:5-16:79\">\n<li data-sourcepos=\"13:5-13:84\"><strong>Altura de trabajo de 28 metros:<\/strong>\u00a0Acceso a zonas elevadas de dif\u00edcil acceso.<\/li>\n<li data-sourcepos=\"14:5-14:94\"><strong>Capacidad de carga de 300 kg:<\/strong>\u00a0Permite transportar herramientas y materiales pesados.<\/li>\n<li data-sourcepos=\"15:5-15:64\"><strong>Amplia \u00e1rea de carga:<\/strong>\u00a0Gran espacio para la carga \u00fatil.<\/li>\n<li data-sourcepos=\"16:5-16:79\"><strong>Estabilizadores compactos:<\/strong>\u00a0Facilita el trabajo en espacios reducidos.<\/li>\n<\/ul>\n<\/li>\n<li data-sourcepos=\"17:1-22:0\"><strong>Facilidad de uso:<\/strong>\n<ul data-sourcepos=\"18:5-22:0\">\n<li data-sourcepos=\"18:5-18:72\"><strong>Cesta de aluminio espaciosa:<\/strong>\u00a0Mayor comodidad para el operador.<\/li>\n<li data-sourcepos=\"19:5-19:63\"><strong>Subestructura plana:<\/strong>\u00a0Facilita el acceso a obst\u00e1culos.<\/li>\n<li data-sourcepos=\"20:5-20:78\"><strong>Dispositivo de giro de la cesta:<\/strong>\u00a0Permite un posicionamiento preciso.<\/li>\n<li data-sourcepos=\"21:5-22:0\"><strong>Baja altura total:<\/strong>\u00a0Facilita el transporte y la maniobrabilidad.<\/li>\n<\/ul>\n<\/li>\n<\/ul>\n<p data-sourcepos=\"23:1-23:52\">\n<p data-sourcepos=\"23:1-23:52\"><strong>Palfinger P 280 CK eDRIVE: Perfecci\u00f3n en acci\u00f3n.<\/strong><\/p>","protected":false},"excerpt":{"rendered":"<h2 class=\"titulointerior\">Comprar Palfinger P 280 CK EDRIVE<\/h2>\n<div class=\"elementor-element elementor-element-d18684c jedv-enabled--yes elementor-widget-divider--view-line elementor-widget elementor-widget-divider\" data-id=\"d18684c\" data-element_type=\"widget\" data-widget_type=\"divider.default\">\n<div class=\"elementor-widget-container\">\n<div class=\"elementor-divider\">\n\t\t\t<span class=\"elementor-divider-separator\"><br \/>\n\t\t\t\t\t\t<\/span>\n\t\t<\/div>\n<\/p><\/div>\n<\/p><\/div>\n<p>\t\t\t\u00bfEst\u00e1s interesado en comprar la Palfinger P 280 CK EDRIVE y optimizar tu proceso de trabajo y alcanzar nuevos niveles de productividad?<br \/>\n\t\t\tGr\u00faas y basculantes DAC vende maquinaria de Palfinger, en concreto la Palfinger P 280 CK EDRIVE. Esta innovadora herramienta redefine los est\u00e1ndares de eficiencia y rendimiento.  <br \/>Esta m\u00e1quina cuenta con caracter\u00edsticas de vanguardia dise\u00f1adas para ofrecer resultados excepcionales. Desde su tecnolog\u00eda de \u00faltima generaci\u00f3n hasta su dise\u00f1o ergon\u00f3mico, cada detalle ha sido cuidadosamente considerado para satisfacer las demandas de los profesionales m\u00e1s exigentes.<br \/>Si est\u00e1s interesado en comprar la Palfinger P 280 CK EDRIVE no lo dudes, ll\u00e1manos o escr\u00edbenos para poder disfrutar de una maquinaria l\u00edder en el mercado <\/p>","protected":false},"featured_media":1299,"comment_status":"open","ping_status":"closed","template":"","meta":[],"product_brand":[],"product_cat":[22,45],"product_tag":[],"class_list":{"0":"post-1298","1":"product","2":"type-product","3":"status-publish","4":"has-post-thumbnail","6":"product_cat-plataformas-aereas-sobre-camion","7":"product_cat-clase-smart","9":"first","10":"instock","11":"shipping-taxable","12":"product-type-simple"},"_links":{"self":[{"href":"https:\/\/www.gruasybasculantesdac.com\/en\/wp-json\/wp\/v2\/product\/1298","targetHints":{"allow":["GET"]}}],"collection":[{"href":"https:\/\/www.gruasybasculantesdac.com\/en\/wp-json\/wp\/v2\/product"}],"about":[{"href":"https:\/\/www.gruasybasculantesdac.com\/en\/wp-json\/wp\/v2\/types\/product"}],"replies":[{"embeddable":true,"href":"https:\/\/www.gruasybasculantesdac.com\/en\/wp-json\/wp\/v2\/comments?post=1298"}],"wp:featuredmedia":[{"embeddable":true,"href":"https:\/\/www.gruasybasculantesdac.com\/en\/wp-json\/wp\/v2\/media\/1299"}],"wp:attachment":[{"href":"https:\/\/www.gruasybasculantesdac.com\/en\/wp-json\/wp\/v2\/media?parent=1298"}],"wp:term":[{"taxonomy":"product_brand","embeddable":true,"href":"https:\/\/www.gruasybasculantesdac.com\/en\/wp-json\/wp\/v2\/product_brand?post=1298"},{"taxonomy":"product_cat","embeddable":true,"href":"https:\/\/www.gruasybasculantesdac.com\/en\/wp-json\/wp\/v2\/product_cat?post=1298"},{"taxonomy":"product_tag","embeddable":true,"href":"https:\/\/www.gruasybasculantesdac.com\/en\/wp-json\/wp\/v2\/product_tag?post=1298"}],"curies":[{"name":"wp","href":"https:\/\/api.w.org\/{rel}","templated":true}]}}