{"id":1266,"date":"2024-03-26T18:09:04","date_gmt":"2024-03-26T17:09:04","guid":{"rendered":"https:\/\/www.gruasybasculantesdac.com\/?post_type=product&#038;p=1266"},"modified":"2024-03-26T18:09:05","modified_gmt":"2024-03-26T17:09:05","slug":"p-240-a-e","status":"publish","type":"product","link":"https:\/\/www.gruasybasculantesdac.com\/en\/p-240-a-e\/","title":{"rendered":"P 240 A-E"},"content":{"rendered":"<p data-sourcepos=\"3:1-3:59\"><strong>Eficiencia y precisi\u00f3n en una plataforma a\u00e9rea compacta<\/strong><\/p>\n<p data-sourcepos=\"5:1-5:316\">La <strong>Palfinger P 240 A-E<\/strong> es una gr\u00faa articulada de \u00faltima generaci\u00f3n que combina un dise\u00f1o compacto y ligero con un alto rendimiento y una gran precisi\u00f3n. Ideal para trabajar en espacios reducidos, esta plataforma a\u00e9rea montada sobre un cami\u00f3n de 3,5 toneladas ofrece una soluci\u00f3n completa para trabajos en altura.<\/p>\n<p data-sourcepos=\"7:1-7:32\">\n<p data-sourcepos=\"7:1-7:32\"><strong>Caracter\u00edsticas principales:<\/strong><\/p>\n<ul data-sourcepos=\"9:1-20:0\">\n<li data-sourcepos=\"9:1-12:75\"><strong>Compacta y \u00e1gil:<\/strong>\n<ul data-sourcepos=\"10:5-12:75\">\n<li data-sourcepos=\"10:5-10:86\"><strong>Dise\u00f1o ligero y compacto:<\/strong>\u00a0Facilita la maniobrabilidad en espacios estrechos.<\/li>\n<li data-sourcepos=\"11:5-11:81\"><strong>Montada sobre cami\u00f3n de 3,5 toneladas:<\/strong>\u00a0F\u00e1cil de transportar y vers\u00e1til.<\/li>\n<li data-sourcepos=\"12:5-12:75\"><strong>Sistema de estabilizaci\u00f3n \u00fanico:<\/strong>\u00a0Posicionamiento r\u00e1pido y seguro.<\/li>\n<\/ul>\n<\/li>\n<li data-sourcepos=\"13:1-16:90\"><strong>Precisi\u00f3n y control:<\/strong>\n<ul data-sourcepos=\"14:5-16:90\">\n<li data-sourcepos=\"14:5-14:98\"><strong>Plataforma de doble articulaci\u00f3n:<\/strong>\u00a0Amplio rango de movimiento y acceso a zonas dif\u00edciles.<\/li>\n<li data-sourcepos=\"15:5-15:82\"><strong>Pant\u00f3grafo doble:<\/strong>\u00a0Mayor precisi\u00f3n y flexibilidad en posiciones elevadas.<\/li>\n<li data-sourcepos=\"16:5-16:90\"><strong>Controles multifuncionales:<\/strong>\u00a0M\u00e1xima precisi\u00f3n, velocidad y comodidad de maniobra.<\/li>\n<\/ul>\n<\/li>\n<li data-sourcepos=\"17:1-20:0\"><strong>Durabilidad y confiabilidad:<\/strong>\n<ul data-sourcepos=\"18:5-20:0\">\n<li data-sourcepos=\"18:5-18:111\"><strong>Estructura met\u00e1lica con tratamiento de cataforesis:<\/strong>\u00a0Protecci\u00f3n contra la corrosi\u00f3n y mayor vida \u00fatil.<\/li>\n<li data-sourcepos=\"19:5-20:0\"><strong>Sistema KTL certificado por PALFINGER:<\/strong>\u00a0M\u00e1xima calidad y seguridad.<\/li>\n<\/ul>\n<\/li>\n<\/ul>\n<p data-sourcepos=\"21:1-21:46\">\n<p data-sourcepos=\"21:1-21:46\"><strong>Palfinger P 240 A-E: Perfecci\u00f3n en acci\u00f3n.<\/strong><\/p>","protected":false},"excerpt":{"rendered":"<h2 class=\"titulointerior\">Comprar Palfinger P 240 A-E<\/h2>\n<div class=\"elementor-element elementor-element-d18684c jedv-enabled--yes elementor-widget-divider--view-line elementor-widget elementor-widget-divider\" data-id=\"d18684c\" data-element_type=\"widget\" data-widget_type=\"divider.default\">\n<div class=\"elementor-widget-container\">\n<div class=\"elementor-divider\">\n\t\t\t<span class=\"elementor-divider-separator\"><br \/>\n\t\t\t\t\t\t<\/span>\n\t\t<\/div>\n<\/p><\/div>\n<\/p><\/div>\n<p>\t\t\t\u00bfEst\u00e1s interesado en comprar la Palfinger P 240 A-E y optimizar tu proceso de trabajo y alcanzar nuevos niveles de productividad?<br \/>\n\t\t\tGr\u00faas y basculantes DAC vende maquinaria de Palfinger, en concreto la Palfinger P 240 A-E. Esta innovadora herramienta redefine los est\u00e1ndares de eficiencia y rendimiento.  <br \/>Esta m\u00e1quina cuenta con caracter\u00edsticas de vanguardia dise\u00f1adas para ofrecer resultados excepcionales. Desde su tecnolog\u00eda de \u00faltima generaci\u00f3n hasta su dise\u00f1o ergon\u00f3mico, cada detalle ha sido cuidadosamente considerado para satisfacer las demandas de los profesionales m\u00e1s exigentes.<br \/>Si est\u00e1s interesado en comprar la Palfinger P 240 A-E no lo dudes, ll\u00e1manos o escr\u00edbenos para poder disfrutar de una maquinaria l\u00edder en el mercado <\/p>","protected":false},"featured_media":1267,"comment_status":"open","ping_status":"closed","template":"","meta":[],"product_brand":[],"product_cat":[22,45],"product_tag":[],"class_list":{"0":"post-1266","1":"product","2":"type-product","3":"status-publish","4":"has-post-thumbnail","6":"product_cat-plataformas-aereas-sobre-camion","7":"product_cat-clase-smart","9":"first","10":"instock","11":"shipping-taxable","12":"product-type-simple"},"_links":{"self":[{"href":"https:\/\/www.gruasybasculantesdac.com\/en\/wp-json\/wp\/v2\/product\/1266","targetHints":{"allow":["GET"]}}],"collection":[{"href":"https:\/\/www.gruasybasculantesdac.com\/en\/wp-json\/wp\/v2\/product"}],"about":[{"href":"https:\/\/www.gruasybasculantesdac.com\/en\/wp-json\/wp\/v2\/types\/product"}],"replies":[{"embeddable":true,"href":"https:\/\/www.gruasybasculantesdac.com\/en\/wp-json\/wp\/v2\/comments?post=1266"}],"wp:featuredmedia":[{"embeddable":true,"href":"https:\/\/www.gruasybasculantesdac.com\/en\/wp-json\/wp\/v2\/media\/1267"}],"wp:attachment":[{"href":"https:\/\/www.gruasybasculantesdac.com\/en\/wp-json\/wp\/v2\/media?parent=1266"}],"wp:term":[{"taxonomy":"product_brand","embeddable":true,"href":"https:\/\/www.gruasybasculantesdac.com\/en\/wp-json\/wp\/v2\/product_brand?post=1266"},{"taxonomy":"product_cat","embeddable":true,"href":"https:\/\/www.gruasybasculantesdac.com\/en\/wp-json\/wp\/v2\/product_cat?post=1266"},{"taxonomy":"product_tag","embeddable":true,"href":"https:\/\/www.gruasybasculantesdac.com\/en\/wp-json\/wp\/v2\/product_tag?post=1266"}],"curies":[{"name":"wp","href":"https:\/\/api.w.org\/{rel}","templated":true}]}}