{"id":1255,"date":"2024-03-26T18:02:44","date_gmt":"2024-03-26T17:02:44","guid":{"rendered":"https:\/\/www.gruasybasculantesdac.com\/?post_type=product&#038;p=1255"},"modified":"2024-03-26T18:02:44","modified_gmt":"2024-03-26T17:02:44","slug":"p-220-bk-edrive","status":"publish","type":"product","link":"https:\/\/www.gruasybasculantesdac.com\/en\/p-220-bk-edrive\/","title":{"rendered":"P 220 BK EDRIVE"},"content":{"rendered":"<p data-sourcepos=\"3:1-3:65\"><strong>Sostenibilidad, eficiencia y potencia en una plataforma a\u00e9rea<\/strong><\/p>\n<p data-sourcepos=\"5:1-5:297\">La <strong>Palfinger P 220 BK EDRIVE<\/strong> redefine el trabajo en altura con su innovador sistema de accionamiento completamente el\u00e9ctrico. Esta gr\u00faa articulada combina un dise\u00f1o compacto y ligero con un alto rendimiento, ofreciendo una soluci\u00f3n sostenible y silenciosa para una amplia gama de aplicaciones.<\/p>\n<p data-sourcepos=\"7:1-7:32\">\n<p data-sourcepos=\"7:1-7:32\"><strong>Caracter\u00edsticas principales:<\/strong><\/p>\n<ul data-sourcepos=\"9:1-20:0\">\n<li data-sourcepos=\"9:1-11:93\"><strong>Eficiencia sin emisiones:<\/strong>\n<ul data-sourcepos=\"10:5-11:93\">\n<li data-sourcepos=\"10:5-10:107\"><strong>Funcionamiento completamente el\u00e9ctrico:<\/strong>\u00a0Reduce el impacto ambiental y mejora la calidad del aire.<\/li>\n<li data-sourcepos=\"11:5-11:93\"><strong>Ideal para \u00e1reas urbanas:<\/strong>\u00a0Permite trabajar en zonas con restricciones de emisiones.<\/li>\n<\/ul>\n<\/li>\n<li data-sourcepos=\"12:1-15:101\"><strong>Rendimiento y versatilidad:<\/strong>\n<ul data-sourcepos=\"13:5-15:101\">\n<li data-sourcepos=\"13:5-13:84\"><strong>Altura de trabajo de 22 metros:<\/strong>\u00a0Acceso a zonas elevadas de dif\u00edcil acceso.<\/li>\n<li data-sourcepos=\"14:5-14:94\"><strong>Capacidad de carga de 250 kg:<\/strong>\u00a0Permite transportar herramientas y materiales pesados.<\/li>\n<li data-sourcepos=\"15:5-15:101\"><strong>Tres configuraciones de estabilizadores:<\/strong>\u00a0Adaptabilidad a diferentes condiciones de trabajo.<\/li>\n<\/ul>\n<\/li>\n<li data-sourcepos=\"16:1-20:0\"><strong>Facilidad de uso:<\/strong>\n<ul data-sourcepos=\"17:5-20:0\">\n<li data-sourcepos=\"17:5-17:82\"><strong>Modernos paneles de control:<\/strong>\u00a0Interfaz intuitiva para un manejo sencillo.<\/li>\n<li data-sourcepos=\"18:5-18:72\"><strong>Cesta de aluminio espaciosa:<\/strong>\u00a0Mayor comodidad para el operador.<\/li>\n<li data-sourcepos=\"19:5-20:0\"><strong>Subestructura plana:<\/strong>\u00a0Facilita el acceso a obst\u00e1culos.<\/li>\n<\/ul>\n<\/li>\n<\/ul>\n<p data-sourcepos=\"21:1-21:52\">\n<p data-sourcepos=\"21:1-21:52\"><strong>Palfinger P 220 BK EDRIVE: Perfecci\u00f3n en acci\u00f3n.<\/strong><\/p>","protected":false},"excerpt":{"rendered":"<h2 class=\"titulointerior\">Comprar Palfinger P 220 BK EDRIVE<\/h2>\n<div class=\"elementor-element elementor-element-d18684c jedv-enabled--yes elementor-widget-divider--view-line elementor-widget elementor-widget-divider\" data-id=\"d18684c\" data-element_type=\"widget\" data-widget_type=\"divider.default\">\n<div class=\"elementor-widget-container\">\n<div class=\"elementor-divider\">\n\t\t\t<span class=\"elementor-divider-separator\"><br \/>\n\t\t\t\t\t\t<\/span>\n\t\t<\/div>\n<\/p><\/div>\n<\/p><\/div>\n<p>\t\t\t\u00bfEst\u00e1s interesado en comprar la Palfinger P 220 BK EDRIVE y optimizar tu proceso de trabajo y alcanzar nuevos niveles de productividad?<br \/>\n\t\t\tGr\u00faas y basculantes DAC vende maquinaria de Palfinger, en concreto la Palfinger P 220 BK EDRIVE. Esta innovadora herramienta redefine los est\u00e1ndares de eficiencia y rendimiento.  <br \/>Esta m\u00e1quina cuenta con caracter\u00edsticas de vanguardia dise\u00f1adas para ofrecer resultados excepcionales. Desde su tecnolog\u00eda de \u00faltima generaci\u00f3n hasta su dise\u00f1o ergon\u00f3mico, cada detalle ha sido cuidadosamente considerado para satisfacer las demandas de los profesionales m\u00e1s exigentes.<br \/>Si est\u00e1s interesado en comprar la Palfinger P 220 BK EDRIVE no lo dudes, ll\u00e1manos o escr\u00edbenos para poder disfrutar de una maquinaria l\u00edder en el mercado <\/p>","protected":false},"featured_media":1256,"comment_status":"open","ping_status":"closed","template":"","meta":[],"product_brand":[],"product_cat":[22,45],"product_tag":[],"class_list":{"0":"post-1255","1":"product","2":"type-product","3":"status-publish","4":"has-post-thumbnail","6":"product_cat-plataformas-aereas-sobre-camion","7":"product_cat-clase-smart","9":"first","10":"instock","11":"shipping-taxable","12":"product-type-simple"},"_links":{"self":[{"href":"https:\/\/www.gruasybasculantesdac.com\/en\/wp-json\/wp\/v2\/product\/1255","targetHints":{"allow":["GET"]}}],"collection":[{"href":"https:\/\/www.gruasybasculantesdac.com\/en\/wp-json\/wp\/v2\/product"}],"about":[{"href":"https:\/\/www.gruasybasculantesdac.com\/en\/wp-json\/wp\/v2\/types\/product"}],"replies":[{"embeddable":true,"href":"https:\/\/www.gruasybasculantesdac.com\/en\/wp-json\/wp\/v2\/comments?post=1255"}],"wp:featuredmedia":[{"embeddable":true,"href":"https:\/\/www.gruasybasculantesdac.com\/en\/wp-json\/wp\/v2\/media\/1256"}],"wp:attachment":[{"href":"https:\/\/www.gruasybasculantesdac.com\/en\/wp-json\/wp\/v2\/media?parent=1255"}],"wp:term":[{"taxonomy":"product_brand","embeddable":true,"href":"https:\/\/www.gruasybasculantesdac.com\/en\/wp-json\/wp\/v2\/product_brand?post=1255"},{"taxonomy":"product_cat","embeddable":true,"href":"https:\/\/www.gruasybasculantesdac.com\/en\/wp-json\/wp\/v2\/product_cat?post=1255"},{"taxonomy":"product_tag","embeddable":true,"href":"https:\/\/www.gruasybasculantesdac.com\/en\/wp-json\/wp\/v2\/product_tag?post=1255"}],"curies":[{"name":"wp","href":"https:\/\/api.w.org\/{rel}","templated":true}]}}