{"id":1245,"date":"2024-03-26T12:42:33","date_gmt":"2024-03-26T11:42:33","guid":{"rendered":"https:\/\/www.gruasybasculantesdac.com\/?post_type=product&#038;p=1245"},"modified":"2024-03-26T12:42:34","modified_gmt":"2024-03-26T11:42:34","slug":"p-200-txe-e-smart-plus","status":"publish","type":"product","link":"https:\/\/www.gruasybasculantesdac.com\/en\/p-200-txe-e-smart-plus\/","title":{"rendered":"P 200 TXE-E SMART PLUS"},"content":{"rendered":"<p data-sourcepos=\"3:1-3:73\"><strong>M\u00e1ximo rendimiento y flexibilidad en una plataforma a\u00e9rea telesc\u00f3pica<\/strong><\/p>\n<p data-sourcepos=\"5:1-5:398\">La <strong>Palfinger P 200 TXE-E SMART PLUS<\/strong> es una gr\u00faa articulada de \u00faltima generaci\u00f3n que ofrece una combinaci\u00f3n excepcional de potencia, alcance, precisi\u00f3n y versatilidad. Montada sobre un cami\u00f3n de 3,5 toneladas, esta gr\u00faa telesc\u00f3pica es ideal para una amplia gama de aplicaciones, desde trabajos en altura en espacios reducidos hasta tareas de construcci\u00f3n y mantenimiento en terrenos irregulares.<\/p>\n<p data-sourcepos=\"7:1-7:32\">\n<p data-sourcepos=\"7:1-7:32\"><strong>Caracter\u00edsticas principales:<\/strong><\/p>\n<ul data-sourcepos=\"9:1-19:0\">\n<li data-sourcepos=\"9:1-12:108\"><strong>Rendimiento superior:<\/strong>\n<ul data-sourcepos=\"10:5-12:108\">\n<li data-sourcepos=\"10:5-10:92\"><strong>Alcance lateral optimizado:<\/strong>\u00a0Mayor capacidad de trabajo en zonas de dif\u00edcil acceso.<\/li>\n<li data-sourcepos=\"11:5-11:101\"><strong>Dimensiones de estabilizaci\u00f3n reducidas:<\/strong>\u00a0Facilita la maniobrabilidad en espacios estrechos.<\/li>\n<li data-sourcepos=\"12:5-12:108\"><strong>Plataforma con tres opciones de estabilizaci\u00f3n:<\/strong>\u00a0Adaptabilidad a diferentes condiciones de trabajo.<\/li>\n<\/ul>\n<\/li>\n<li data-sourcepos=\"13:1-15:99\"><strong>Precisi\u00f3n y control:<\/strong>\n<ul data-sourcepos=\"14:5-15:99\">\n<li data-sourcepos=\"14:5-14:93\"><strong>Controles multifuncionales:<\/strong>\u00a0Mayor precisi\u00f3n, velocidad y comodidad en la operaci\u00f3n.<\/li>\n<li data-sourcepos=\"15:5-15:99\"><strong>Estabilizaci\u00f3n vertical con gatos extensibles:<\/strong>\u00a0Mayor estabilidad en terrenos irregulares.<\/li>\n<\/ul>\n<\/li>\n<li data-sourcepos=\"16:1-19:0\"><strong>Versatilidad para diferentes necesidades:<\/strong>\n<ul data-sourcepos=\"17:5-19:0\">\n<li data-sourcepos=\"17:5-17:82\"><strong>Montada sobre cami\u00f3n de 3,5 toneladas:<\/strong>\u00a0F\u00e1cil de transportar y maniobrar.<\/li>\n<li data-sourcepos=\"18:5-19:0\"><strong>Ideal para una amplia gama de aplicaciones:<\/strong>\u00a0Construcci\u00f3n, mantenimiento, limpieza, etc.<\/li>\n<\/ul>\n<\/li>\n<\/ul>\n<p data-sourcepos=\"20:1-20:59\">\n<p data-sourcepos=\"20:1-20:59\"><strong>Palfinger P 200 TXE-E SMART PLUS: Perfecci\u00f3n en acci\u00f3n.<\/strong><\/p>","protected":false},"excerpt":{"rendered":"<h2 class=\"titulointerior\">Comprar Palfinger P 200 TXE-E SMART PLUS<\/h2>\n<div class=\"elementor-element elementor-element-d18684c jedv-enabled--yes elementor-widget-divider--view-line elementor-widget elementor-widget-divider\" data-id=\"d18684c\" data-element_type=\"widget\" data-widget_type=\"divider.default\">\n<div class=\"elementor-widget-container\">\n<div class=\"elementor-divider\">\n\t\t\t<span class=\"elementor-divider-separator\"><br \/>\n\t\t\t\t\t\t<\/span>\n\t\t<\/div>\n<\/p><\/div>\n<\/p><\/div>\n<p>\t\t\t\u00bfEst\u00e1s interesado en comprar la Palfinger P 200 TXE-E SMART PLUS y optimizar tu proceso de trabajo y alcanzar nuevos niveles de productividad?<br \/>\n\t\t\tGr\u00faas y basculantes DAC vende maquinaria de Palfinger, en concreto la Palfinger P 200 TXE-E SMART PLUS. Esta innovadora herramienta redefine los est\u00e1ndares de eficiencia y rendimiento.  <br \/>Esta m\u00e1quina cuenta con caracter\u00edsticas de vanguardia dise\u00f1adas para ofrecer resultados excepcionales. Desde su tecnolog\u00eda de \u00faltima generaci\u00f3n hasta su dise\u00f1o ergon\u00f3mico, cada detalle ha sido cuidadosamente considerado para satisfacer las demandas de los profesionales m\u00e1s exigentes.<br \/>Si est\u00e1s interesado en comprar la Palfinger P 200 TXE-E SMART PLUS no lo dudes, ll\u00e1manos o escr\u00edbenos para poder disfrutar de una maquinaria l\u00edder en el mercado <\/p>","protected":false},"featured_media":1246,"comment_status":"open","ping_status":"closed","template":"","meta":[],"product_brand":[],"product_cat":[22,45],"product_tag":[],"class_list":{"0":"post-1245","1":"product","2":"type-product","3":"status-publish","4":"has-post-thumbnail","6":"product_cat-plataformas-aereas-sobre-camion","7":"product_cat-clase-smart","9":"first","10":"instock","11":"shipping-taxable","12":"product-type-simple"},"_links":{"self":[{"href":"https:\/\/www.gruasybasculantesdac.com\/en\/wp-json\/wp\/v2\/product\/1245","targetHints":{"allow":["GET"]}}],"collection":[{"href":"https:\/\/www.gruasybasculantesdac.com\/en\/wp-json\/wp\/v2\/product"}],"about":[{"href":"https:\/\/www.gruasybasculantesdac.com\/en\/wp-json\/wp\/v2\/types\/product"}],"replies":[{"embeddable":true,"href":"https:\/\/www.gruasybasculantesdac.com\/en\/wp-json\/wp\/v2\/comments?post=1245"}],"wp:featuredmedia":[{"embeddable":true,"href":"https:\/\/www.gruasybasculantesdac.com\/en\/wp-json\/wp\/v2\/media\/1246"}],"wp:attachment":[{"href":"https:\/\/www.gruasybasculantesdac.com\/en\/wp-json\/wp\/v2\/media?parent=1245"}],"wp:term":[{"taxonomy":"product_brand","embeddable":true,"href":"https:\/\/www.gruasybasculantesdac.com\/en\/wp-json\/wp\/v2\/product_brand?post=1245"},{"taxonomy":"product_cat","embeddable":true,"href":"https:\/\/www.gruasybasculantesdac.com\/en\/wp-json\/wp\/v2\/product_cat?post=1245"},{"taxonomy":"product_tag","embeddable":true,"href":"https:\/\/www.gruasybasculantesdac.com\/en\/wp-json\/wp\/v2\/product_tag?post=1245"}],"curies":[{"name":"wp","href":"https:\/\/api.w.org\/{rel}","templated":true}]}}