{"id":1238,"date":"2024-03-26T12:18:55","date_gmt":"2024-03-26T11:18:55","guid":{"rendered":"https:\/\/www.gruasybasculantesdac.com\/?post_type=product&#038;p=1238"},"modified":"2024-03-26T12:18:56","modified_gmt":"2024-03-26T11:18:56","slug":"p-200-axe","status":"publish","type":"product","link":"https:\/\/www.gruasybasculantesdac.com\/en\/p-200-axe\/","title":{"rendered":"P 200 AXE"},"content":{"rendered":"<p data-sourcepos=\"3:1-3:60\"><strong>Eficiencia y seguridad en altura con m\u00e1xima versatilidad<\/strong><\/p>\n<p data-sourcepos=\"5:1-5:316\">La <strong>Palfinger P 200 AXE<\/strong> es una gr\u00faa articulada de \u00faltima generaci\u00f3n que combina un dise\u00f1o compacto y ligero con un alto rendimiento y una gran seguridad. Ideal para trabajar en espacios reducidos, esta plataforma a\u00e9rea montada sobre un cami\u00f3n de 3,5 toneladas ofrece una soluci\u00f3n completa para trabajos en altura.<\/p>\n<p data-sourcepos=\"7:1-7:32\">\n<p data-sourcepos=\"7:1-7:32\"><strong>Caracter\u00edsticas principales:<\/strong><\/p>\n<ul data-sourcepos=\"9:1-20:0\">\n<li data-sourcepos=\"9:1-11:81\"><strong>Compacta y maniobrable:<\/strong>\n<ul data-sourcepos=\"10:5-11:81\">\n<li data-sourcepos=\"10:5-10:73\"><strong>Dise\u00f1o ligero y compacto:<\/strong>\u00a0Facilita el acceso a zonas estrechas.<\/li>\n<li data-sourcepos=\"11:5-11:81\"><strong>Montada sobre cami\u00f3n de 3,5 toneladas:<\/strong>\u00a0F\u00e1cil de transportar y vers\u00e1til.<\/li>\n<\/ul>\n<\/li>\n<li data-sourcepos=\"12:1-16:99\"><strong>M\u00e1ximo rendimiento y seguridad:<\/strong>\n<ul data-sourcepos=\"13:5-16:99\">\n<li data-sourcepos=\"13:5-13:98\"><strong>Plataforma de doble articulaci\u00f3n:<\/strong>\u00a0Amplio rango de movimiento y acceso a zonas dif\u00edciles.<\/li>\n<li data-sourcepos=\"14:5-14:82\"><strong>Pant\u00f3grafo doble:<\/strong>\u00a0Mayor precisi\u00f3n y flexibilidad en posiciones elevadas.<\/li>\n<li data-sourcepos=\"15:5-15:90\"><strong>Controles multifuncionales:<\/strong>\u00a0M\u00e1xima precisi\u00f3n, velocidad y comodidad de maniobra.<\/li>\n<li data-sourcepos=\"16:5-16:99\"><strong>Estabilizaci\u00f3n vertical con gatos extensibles:<\/strong>\u00a0Mayor estabilidad en terrenos irregulares.<\/li>\n<\/ul>\n<\/li>\n<li data-sourcepos=\"17:1-20:0\"><strong>Versatilidad para diferentes necesidades:<\/strong>\n<ul data-sourcepos=\"18:5-20:0\">\n<li data-sourcepos=\"18:5-18:95\"><strong>Tres posibilidades de estabilizaci\u00f3n:<\/strong>\u00a0Adaptabilidad a cualquier condici\u00f3n de trabajo.<\/li>\n<li data-sourcepos=\"19:5-20:0\"><strong>Ideal para una amplia gama de aplicaciones:<\/strong>\u00a0Construcci\u00f3n, mantenimiento, limpieza, etc.<\/li>\n<\/ul>\n<\/li>\n<\/ul>\n<p data-sourcepos=\"21:1-21:46\">\n<p data-sourcepos=\"21:1-21:46\"><strong>Palfinger P 200 AXE: Perfecci\u00f3n en acci\u00f3n.<\/strong><\/p>","protected":false},"excerpt":{"rendered":"<h2 class=\"titulointerior\">Comprar Palfinger P 200 AXE<\/h2>\n<div class=\"elementor-element elementor-element-d18684c jedv-enabled--yes elementor-widget-divider--view-line elementor-widget elementor-widget-divider\" data-id=\"d18684c\" data-element_type=\"widget\" data-widget_type=\"divider.default\">\n<div class=\"elementor-widget-container\">\n<div class=\"elementor-divider\">\n\t\t\t<span class=\"elementor-divider-separator\"><br \/>\n\t\t\t\t\t\t<\/span>\n\t\t<\/div>\n<\/p><\/div>\n<\/p><\/div>\n<p>\t\t\t\u00bfEst\u00e1s interesado en comprar la Palfinger P 200 AXE y optimizar tu proceso de trabajo y alcanzar nuevos niveles de productividad?<br \/>\n\t\t\tGr\u00faas y basculantes DAC vende maquinaria de Palfinger, en concreto la Palfinger P 200 AXE. Esta innovadora herramienta redefine los est\u00e1ndares de eficiencia y rendimiento.  <br \/>Esta m\u00e1quina cuenta con caracter\u00edsticas de vanguardia dise\u00f1adas para ofrecer resultados excepcionales. Desde su tecnolog\u00eda de \u00faltima generaci\u00f3n hasta su dise\u00f1o ergon\u00f3mico, cada detalle ha sido cuidadosamente considerado para satisfacer las demandas de los profesionales m\u00e1s exigentes.<br \/>Si est\u00e1s interesado en comprar la Palfinger P 200 AXE no lo dudes, ll\u00e1manos o escr\u00edbenos para poder disfrutar de una maquinaria l\u00edder en el mercado <\/p>","protected":false},"featured_media":1239,"comment_status":"open","ping_status":"closed","template":"","meta":[],"product_brand":[],"product_cat":[22,45],"product_tag":[],"class_list":{"0":"post-1238","1":"product","2":"type-product","3":"status-publish","4":"has-post-thumbnail","6":"product_cat-plataformas-aereas-sobre-camion","7":"product_cat-clase-smart","9":"first","10":"instock","11":"shipping-taxable","12":"product-type-simple"},"_links":{"self":[{"href":"https:\/\/www.gruasybasculantesdac.com\/en\/wp-json\/wp\/v2\/product\/1238","targetHints":{"allow":["GET"]}}],"collection":[{"href":"https:\/\/www.gruasybasculantesdac.com\/en\/wp-json\/wp\/v2\/product"}],"about":[{"href":"https:\/\/www.gruasybasculantesdac.com\/en\/wp-json\/wp\/v2\/types\/product"}],"replies":[{"embeddable":true,"href":"https:\/\/www.gruasybasculantesdac.com\/en\/wp-json\/wp\/v2\/comments?post=1238"}],"wp:featuredmedia":[{"embeddable":true,"href":"https:\/\/www.gruasybasculantesdac.com\/en\/wp-json\/wp\/v2\/media\/1239"}],"wp:attachment":[{"href":"https:\/\/www.gruasybasculantesdac.com\/en\/wp-json\/wp\/v2\/media?parent=1238"}],"wp:term":[{"taxonomy":"product_brand","embeddable":true,"href":"https:\/\/www.gruasybasculantesdac.com\/en\/wp-json\/wp\/v2\/product_brand?post=1238"},{"taxonomy":"product_cat","embeddable":true,"href":"https:\/\/www.gruasybasculantesdac.com\/en\/wp-json\/wp\/v2\/product_cat?post=1238"},{"taxonomy":"product_tag","embeddable":true,"href":"https:\/\/www.gruasybasculantesdac.com\/en\/wp-json\/wp\/v2\/product_tag?post=1238"}],"curies":[{"name":"wp","href":"https:\/\/api.w.org\/{rel}","templated":true}]}}