{"id":1213,"date":"2024-03-26T11:42:51","date_gmt":"2024-03-26T10:42:51","guid":{"rendered":"https:\/\/www.gruasybasculantesdac.com\/?post_type=product&#038;p=1213"},"modified":"2024-03-26T11:42:51","modified_gmt":"2024-03-26T10:42:51","slug":"p-160-a","status":"publish","type":"product","link":"https:\/\/www.gruasybasculantesdac.com\/en\/p-160-a\/","title":{"rendered":"P 160 A"},"content":{"rendered":"<p data-sourcepos=\"3:1-3:48\"><strong>Agilidad y compacidad para el entorno urbano<\/strong><\/p>\n<p data-sourcepos=\"5:1-5:359\">La <strong>Palfinger P 160 A<\/strong> es una gr\u00faa articulada de \u00faltima generaci\u00f3n que redefine la eficiencia y la maniobrabilidad en el trabajo en entornos urbanos. Su dise\u00f1o ultracompacto y su sistema de estabilizaci\u00f3n dentro de los l\u00edmites del veh\u00edculo la convierten en la herramienta ideal para acceder a lugares dif\u00edciles, incluso en calles estrechas y con obst\u00e1culos.<\/p>\n<p data-sourcepos=\"7:1-7:32\">\n<p data-sourcepos=\"7:1-7:32\"><strong>Caracter\u00edsticas principales:<\/strong><\/p>\n<ul data-sourcepos=\"9:1-17:0\">\n<li data-sourcepos=\"9:1-12:93\"><strong>Agilidad incomparable:<\/strong>\n<ul data-sourcepos=\"10:5-12:93\">\n<li data-sourcepos=\"10:5-10:100\"><strong>Rotaci\u00f3n de la cesta:<\/strong>\u00a090\u00b0 a izquierda y derecha para una mayor flexibilidad de movimiento.<\/li>\n<li data-sourcepos=\"11:5-11:91\"><strong>Distancia entre ejes reducida:<\/strong>\u00a0Facilita la maniobrabilidad en espacios estrechos.<\/li>\n<li data-sourcepos=\"12:5-12:93\"><strong>Estabilizaci\u00f3n interna:<\/strong>\u00a0Permite trabajar sin necesidad de ocupar espacio adicional.<\/li>\n<\/ul>\n<\/li>\n<li data-sourcepos=\"13:1-17:0\"><strong>M\u00e1ximo rendimiento en espacios reducidos:<\/strong>\n<ul data-sourcepos=\"14:5-17:0\">\n<li data-sourcepos=\"14:5-14:82\"><strong>Acceso sin restricciones:<\/strong>\u00a0Llega a lugares inaccesibles para otras gr\u00faas.<\/li>\n<li data-sourcepos=\"15:5-15:108\"><strong>Amplia carrera de estabilizadores:<\/strong>\u00a0Compensa los desniveles del terreno para una mayor estabilidad.<\/li>\n<li data-sourcepos=\"16:5-17:0\"><strong>Dise\u00f1o compacto:<\/strong>\u00a0Optimiza el espacio de trabajo.<\/li>\n<\/ul>\n<\/li>\n<\/ul>\n<p data-sourcepos=\"18:1-18:44\">\n<p data-sourcepos=\"18:1-18:44\"><strong>Palfinger P 160 A: Perfecci\u00f3n en acci\u00f3n.<\/strong><\/p>","protected":false},"excerpt":{"rendered":"<h2 class=\"titulointerior\">Comprar Palfinger P 160 A<\/h2>\n<div class=\"elementor-element elementor-element-d18684c jedv-enabled--yes elementor-widget-divider--view-line elementor-widget elementor-widget-divider\" data-id=\"d18684c\" data-element_type=\"widget\" data-widget_type=\"divider.default\">\n<div class=\"elementor-widget-container\">\n<div class=\"elementor-divider\">\n\t\t\t<span class=\"elementor-divider-separator\"><br \/>\n\t\t\t\t\t\t<\/span>\n\t\t<\/div>\n<\/p><\/div>\n<\/p><\/div>\n<p>\t\t\t\u00bfEst\u00e1s interesado en comprar la Palfinger P 160 A y optimizar tu proceso de trabajo y alcanzar nuevos niveles de productividad?<br \/>\n\t\t\tGr\u00faas y basculantes DAC vende maquinaria de Palfinger, en concreto la Palfinger P 160 A. Esta innovadora herramienta redefine los est\u00e1ndares de eficiencia y rendimiento.  <br \/>Esta m\u00e1quina cuenta con caracter\u00edsticas de vanguardia dise\u00f1adas para ofrecer resultados excepcionales. Desde su tecnolog\u00eda de \u00faltima generaci\u00f3n hasta su dise\u00f1o ergon\u00f3mico, cada detalle ha sido cuidadosamente considerado para satisfacer las demandas de los profesionales m\u00e1s exigentes.<br \/>Si est\u00e1s interesado en comprar la Palfinger P 160 A no lo dudes, ll\u00e1manos o escr\u00edbenos para poder disfrutar de una maquinaria l\u00edder en el mercado <\/p>","protected":false},"featured_media":1214,"comment_status":"open","ping_status":"closed","template":"","meta":[],"product_brand":[],"product_cat":[22,44],"product_tag":[],"class_list":{"0":"post-1213","1":"product","2":"type-product","3":"status-publish","4":"has-post-thumbnail","6":"product_cat-plataformas-aereas-sobre-camion","7":"product_cat-clase-low-smart","9":"first","10":"instock","11":"shipping-taxable","12":"product-type-simple"},"_links":{"self":[{"href":"https:\/\/www.gruasybasculantesdac.com\/en\/wp-json\/wp\/v2\/product\/1213","targetHints":{"allow":["GET"]}}],"collection":[{"href":"https:\/\/www.gruasybasculantesdac.com\/en\/wp-json\/wp\/v2\/product"}],"about":[{"href":"https:\/\/www.gruasybasculantesdac.com\/en\/wp-json\/wp\/v2\/types\/product"}],"replies":[{"embeddable":true,"href":"https:\/\/www.gruasybasculantesdac.com\/en\/wp-json\/wp\/v2\/comments?post=1213"}],"wp:featuredmedia":[{"embeddable":true,"href":"https:\/\/www.gruasybasculantesdac.com\/en\/wp-json\/wp\/v2\/media\/1214"}],"wp:attachment":[{"href":"https:\/\/www.gruasybasculantesdac.com\/en\/wp-json\/wp\/v2\/media?parent=1213"}],"wp:term":[{"taxonomy":"product_brand","embeddable":true,"href":"https:\/\/www.gruasybasculantesdac.com\/en\/wp-json\/wp\/v2\/product_brand?post=1213"},{"taxonomy":"product_cat","embeddable":true,"href":"https:\/\/www.gruasybasculantesdac.com\/en\/wp-json\/wp\/v2\/product_cat?post=1213"},{"taxonomy":"product_tag","embeddable":true,"href":"https:\/\/www.gruasybasculantesdac.com\/en\/wp-json\/wp\/v2\/product_tag?post=1213"}],"curies":[{"name":"wp","href":"https:\/\/api.w.org\/{rel}","templated":true}]}}