{"id":1199,"date":"2024-03-26T11:19:21","date_gmt":"2024-03-26T10:19:21","guid":{"rendered":"https:\/\/www.gruasybasculantesdac.com\/?post_type=product&#038;p=1199"},"modified":"2024-03-26T11:23:02","modified_gmt":"2024-03-26T10:23:02","slug":"p-130-a","status":"publish","type":"product","link":"https:\/\/www.gruasybasculantesdac.com\/en\/p-130-a\/","title":{"rendered":"P 130 A"},"content":{"rendered":"<p data-sourcepos=\"3:1-3:65\"><strong>Fiabilidad, seguridad y alto rendimiento en cualquier terreno<\/strong><\/p>\n<p data-sourcepos=\"5:1-5:280\">La <strong>Palfinger P 130 A<\/strong> es una plataforma elevadora de \u00faltima generaci\u00f3n que redefine la accesibilidad y la eficiencia en el trabajo. Montada sobre un pick-up todoterreno, esta gr\u00faa articulada te permite alcanzar con facilidad lugares dif\u00edciles o inaccesibles para otros equipos.<\/p>\n<p data-sourcepos=\"7:1-7:32\"><strong>Caracter\u00edsticas principales:<\/strong><\/p>\n<ul data-sourcepos=\"9:1-20:0\">\n<li data-sourcepos=\"9:1-13:122\"><strong>Versatilidad todoterreno:<\/strong>\n<ul data-sourcepos=\"10:5-13:122\">\n<li data-sourcepos=\"10:5-10:87\"><strong>Facilidad de acceso:<\/strong>\u00a0Llega a zonas complicadas gracias a su base todoterreno.<\/li>\n<li data-sourcepos=\"11:5-11:105\"><strong>Conducci\u00f3n \u00e1gil:<\/strong>\u00a0Maniobrabilidad en terrenos accidentados para una mayor fluidez en el trabajo.<\/li>\n<li data-sourcepos=\"12:5-12:79\"><strong>Dos opciones de montaje:<\/strong>\u00a0Disponible en chasis de 3,2 y 3,5 toneladas.<\/li>\n<li data-sourcepos=\"13:5-13:122\"><strong>Capacidad de ampliaci\u00f3n:<\/strong>\u00a0La versi\u00f3n de 3,5 t permite instalar equipamiento adicional y transportar herramientas.<\/li>\n<\/ul>\n<\/li>\n<li data-sourcepos=\"14:1-20:0\"><strong>M\u00e1ximo rendimiento:<\/strong>\n<ul data-sourcepos=\"15:5-20:0\">\n<li data-sourcepos=\"15:5-15:91\"><strong>Sistema hidr\u00e1ulico eficiente:<\/strong>\u00a0Funcionamiento suave y preciso con la m\u00e1xima carga.<\/li>\n<li data-sourcepos=\"16:5-16:72\"><strong>R\u00e1pida y eficaz:<\/strong>\u00a0Alcanza el m\u00e1ximo rendimiento en poco tiempo.<\/li>\n<li data-sourcepos=\"17:5-17:77\"><strong>Dise\u00f1o compacto:<\/strong>\u00a0Facilita la maniobrabilidad en espacios reducidos.<\/li>\n<li data-sourcepos=\"18:5-18:77\"><strong>Ergonom\u00eda optimizada:<\/strong>\u00a0Mayor comodidad y seguridad para el operador.<\/li>\n<li data-sourcepos=\"19:5-20:0\"><strong>Amplia \u00e1rea de trabajo:<\/strong>\u00a0Ofrece un radio de acci\u00f3n de 360\u00b0 sin restricciones.<\/li>\n<\/ul>\n<\/li>\n<\/ul>\n<p data-sourcepos=\"21:1-21:44\"><strong>Palfinger P 130 A: Perfecci\u00f3n en acci\u00f3n<\/strong><\/p>\n<p data-sourcepos=\"21:1-21:44\">\n<p data-sourcepos=\"23:1-23:114\"><strong>Para m\u00e1s informaci\u00f3n, consulte la ficha t\u00e9cnica completa o contacte con nosotros.<\/strong><\/p>","protected":false},"excerpt":{"rendered":"<h2 class=\"titulointerior\">Comprar Palfinger P 130 A<\/h2>\n<div class=\"elementor-element elementor-element-d18684c jedv-enabled--yes elementor-widget-divider--view-line elementor-widget elementor-widget-divider\" data-id=\"d18684c\" data-element_type=\"widget\" data-widget_type=\"divider.default\">\n<div class=\"elementor-widget-container\">\n<div class=\"elementor-divider\"><span class=\"elementor-divider-separator\">\u00a0<\/span><\/div>\n<\/div>\n<\/div>\n<p>\u00bfEst\u00e1s interesado en comprar la Palfinger P 130 A y optimizar tu proceso de trabajo y alcanzar nuevos niveles de productividad?<br \/>\nGr\u00faas y basculantes DAC vende maquinaria de Palfinger, en concreto la Palfinger P 130 A. Esta innovadora herramienta redefine los est\u00e1ndares de eficiencia y rendimiento.<br \/>\nEsta m\u00e1quina cuenta con caracter\u00edsticas de vanguardia dise\u00f1adas para ofrecer resultados excepcionales. Desde su tecnolog\u00eda de \u00faltima generaci\u00f3n hasta su dise\u00f1o ergon\u00f3mico, cada detalle ha sido cuidadosamente considerado para satisfacer las demandas de los profesionales m\u00e1s exigentes.<br \/>\nSi est\u00e1s interesado en comprar la Palfinger P 130 A no lo dudes, ll\u00e1manos o escr\u00edbenos para poder disfrutar de una maquinaria l\u00edder en el mercado<\/p>","protected":false},"featured_media":1203,"comment_status":"open","ping_status":"closed","template":"","meta":[],"product_brand":[],"product_cat":[22,44],"product_tag":[],"class_list":{"0":"post-1199","1":"product","2":"type-product","3":"status-publish","4":"has-post-thumbnail","6":"product_cat-plataformas-aereas-sobre-camion","7":"product_cat-clase-low-smart","9":"first","10":"instock","11":"shipping-taxable","12":"product-type-simple"},"_links":{"self":[{"href":"https:\/\/www.gruasybasculantesdac.com\/en\/wp-json\/wp\/v2\/product\/1199","targetHints":{"allow":["GET"]}}],"collection":[{"href":"https:\/\/www.gruasybasculantesdac.com\/en\/wp-json\/wp\/v2\/product"}],"about":[{"href":"https:\/\/www.gruasybasculantesdac.com\/en\/wp-json\/wp\/v2\/types\/product"}],"replies":[{"embeddable":true,"href":"https:\/\/www.gruasybasculantesdac.com\/en\/wp-json\/wp\/v2\/comments?post=1199"}],"wp:featuredmedia":[{"embeddable":true,"href":"https:\/\/www.gruasybasculantesdac.com\/en\/wp-json\/wp\/v2\/media\/1203"}],"wp:attachment":[{"href":"https:\/\/www.gruasybasculantesdac.com\/en\/wp-json\/wp\/v2\/media?parent=1199"}],"wp:term":[{"taxonomy":"product_brand","embeddable":true,"href":"https:\/\/www.gruasybasculantesdac.com\/en\/wp-json\/wp\/v2\/product_brand?post=1199"},{"taxonomy":"product_cat","embeddable":true,"href":"https:\/\/www.gruasybasculantesdac.com\/en\/wp-json\/wp\/v2\/product_cat?post=1199"},{"taxonomy":"product_tag","embeddable":true,"href":"https:\/\/www.gruasybasculantesdac.com\/en\/wp-json\/wp\/v2\/product_tag?post=1199"}],"curies":[{"name":"wp","href":"https:\/\/api.w.org\/{rel}","templated":true}]}}