{"id":1196,"date":"2024-03-25T18:43:03","date_gmt":"2024-03-25T17:43:03","guid":{"rendered":"https:\/\/www.gruasybasculantesdac.com\/?post_type=product&#038;p=1196"},"modified":"2024-03-25T18:45:03","modified_gmt":"2024-03-25T17:45:03","slug":"s260z-s290z-hpls","status":"publish","type":"product","link":"https:\/\/www.gruasybasculantesdac.com\/en\/s260z-s290z-hpls\/","title":{"rendered":"S260Z &#8211; S290Z HPLS"},"content":{"rendered":"<p data-sourcepos=\"3:1-3:98\"><strong>Gr\u00faa hidr\u00e1ulica de alto rendimiento para manipulaci\u00f3n de materiales pesados con brazo plegable<\/strong><\/p>\n<p data-sourcepos=\"5:1-5:266\">La <strong>Palfinger S260Z &#8211; S290Z HPLS<\/strong> es una gr\u00faa articulada de \u00faltima generaci\u00f3n que combina una excepcional potencia, precisi\u00f3n y versatilidad. Dise\u00f1ada para la manipulaci\u00f3n eficiente de materiales pesados en una amplia gama de aplicaciones, esta gr\u00faa es ideal para:<\/p>\n<ul data-sourcepos=\"7:1-12:0\">\n<li data-sourcepos=\"7:1-7:30\"><strong>Empresas de construcci\u00f3n<\/strong><\/li>\n<li data-sourcepos=\"8:1-8:36\"><strong>Empresas de servicios p\u00fablicos<\/strong><\/li>\n<li data-sourcepos=\"9:1-9:40\"><strong>Empresas de alquiler de maquinaria<\/strong><\/li>\n<li data-sourcepos=\"10:1-10:24\"><strong>Talleres mec\u00e1nicos<\/strong><\/li>\n<li data-sourcepos=\"11:1-12:0\"><strong>Cualquier otra empresa que requiera una gr\u00faa robusta y fiable<\/strong><\/li>\n<\/ul>\n<p data-sourcepos=\"13:1-13:32\">\n<p data-sourcepos=\"13:1-13:32\"><strong>Caracter\u00edsticas principales:<\/strong><\/p>\n<ul data-sourcepos=\"15:1-24:0\">\n<li data-sourcepos=\"15:1-15:81\"><strong>Capacidad de elevaci\u00f3n:<\/strong>\u00a0De 26 a 29 toneladas\/metro (dependiendo del modelo)<\/li>\n<li data-sourcepos=\"16:1-16:63\"><strong>Alcance m\u00e1ximo:<\/strong>\u00a0Hasta 8,8 metros (dependiendo del modelo)<\/li>\n<li data-sourcepos=\"17:1-17:76\"><strong>Altura m\u00e1xima de elevaci\u00f3n:<\/strong>\u00a0Hasta 11,6 metros (dependiendo del modelo)<\/li>\n<li data-sourcepos=\"18:1-18:105\"><strong>Brazo plegable:<\/strong>\u00a0Permite un f\u00e1cil almacenamiento y transporte, optimizando la log\u00edstica y el espacio<\/li>\n<li data-sourcepos=\"19:1-19:95\"><strong>Sistema hidr\u00e1ulico de alta eficiencia:<\/strong>\u00a0Asegura un funcionamiento suave, preciso y potente<\/li>\n<li data-sourcepos=\"20:1-20:86\"><strong>Controles intuitivos:<\/strong>\u00a0Facilitan el uso y la precisi\u00f3n en la operaci\u00f3n de la gr\u00faa<\/li>\n<li data-sourcepos=\"21:1-21:88\"><strong>Dise\u00f1o robusto:<\/strong>\u00a0Construida con materiales de alta calidad para una larga vida \u00fatil<\/li>\n<li data-sourcepos=\"22:1-22:91\"><strong>Mantenimiento sencillo:<\/strong>\u00a0Minimiza el tiempo de inactividad y optimiza la productividad<\/li>\n<li data-sourcepos=\"23:1-24:0\"><strong>Tecnolog\u00eda de \u00faltima generaci\u00f3n:<\/strong>\u00a0Incorpora funciones innovadoras para un mayor rendimiento y seguridad<\/li>\n<\/ul>\n<p data-sourcepos=\"25:1-25:196\">\n<p data-sourcepos=\"25:1-25:196\"><strong>La Palfinger S260Z &#8211; S290Z HPLS es la soluci\u00f3n ideal para las empresas que buscan una gr\u00faa de alto rendimiento que combine potencia, precisi\u00f3n, versatilidad, facilidad de uso y almacenamiento.<\/strong><\/p>","protected":false},"excerpt":{"rendered":"<h2 class=\"titulointerior\">Comprar Palfinger S260Z &#8211; S290Z HPLS<\/h2>\n<div class=\"elementor-element elementor-element-d18684c jedv-enabled--yes elementor-widget-divider--view-line elementor-widget elementor-widget-divider\" data-id=\"d18684c\" data-element_type=\"widget\" data-widget_type=\"divider.default\">\n<div class=\"elementor-widget-container\">\n<div class=\"elementor-divider\">\n\t\t\t<span class=\"elementor-divider-separator\"><br \/>\n\t\t\t\t\t\t<\/span>\n\t\t<\/div>\n<\/p><\/div>\n<\/p><\/div>\n<p>\t\t\t\u00bfEst\u00e1s interesado en comprar la Palfinger S260Z &#8211; S290Z HPLS y optimizar tu proceso de trabajo y alcanzar nuevos niveles de productividad?<br \/>\n\t\t\tGr\u00faas y basculantes DAC vende maquinaria de Palfinger, en concreto la Palfinger S260Z &#8211; S290Z HPLS. Esta innovadora herramienta redefine los est\u00e1ndares de eficiencia y rendimiento.  <br \/>Esta m\u00e1quina cuenta con caracter\u00edsticas de vanguardia dise\u00f1adas para ofrecer resultados excepcionales. Desde su tecnolog\u00eda de \u00faltima generaci\u00f3n hasta su dise\u00f1o ergon\u00f3mico, cada detalle ha sido cuidadosamente considerado para satisfacer las demandas de los profesionales m\u00e1s exigentes.<br \/>Si est\u00e1s interesado en comprar la Palfinger S260Z &#8211; S290Z HPLS no lo dudes, ll\u00e1manos o escr\u00edbenos para poder disfrutar de una maquinaria l\u00edder en el mercado <\/p>","protected":false},"featured_media":1197,"comment_status":"open","ping_status":"closed","template":"","meta":[],"product_brand":[],"product_cat":[21,42],"product_tag":[],"class_list":{"0":"post-1196","1":"product","2":"type-product","3":"status-publish","4":"has-post-thumbnail","6":"product_cat-gruas-forestales-y-chatarreras","7":"product_cat-serie-s","9":"first","10":"instock","11":"shipping-taxable","12":"product-type-simple"},"_links":{"self":[{"href":"https:\/\/www.gruasybasculantesdac.com\/en\/wp-json\/wp\/v2\/product\/1196","targetHints":{"allow":["GET"]}}],"collection":[{"href":"https:\/\/www.gruasybasculantesdac.com\/en\/wp-json\/wp\/v2\/product"}],"about":[{"href":"https:\/\/www.gruasybasculantesdac.com\/en\/wp-json\/wp\/v2\/types\/product"}],"replies":[{"embeddable":true,"href":"https:\/\/www.gruasybasculantesdac.com\/en\/wp-json\/wp\/v2\/comments?post=1196"}],"wp:featuredmedia":[{"embeddable":true,"href":"https:\/\/www.gruasybasculantesdac.com\/en\/wp-json\/wp\/v2\/media\/1197"}],"wp:attachment":[{"href":"https:\/\/www.gruasybasculantesdac.com\/en\/wp-json\/wp\/v2\/media?parent=1196"}],"wp:term":[{"taxonomy":"product_brand","embeddable":true,"href":"https:\/\/www.gruasybasculantesdac.com\/en\/wp-json\/wp\/v2\/product_brand?post=1196"},{"taxonomy":"product_cat","embeddable":true,"href":"https:\/\/www.gruasybasculantesdac.com\/en\/wp-json\/wp\/v2\/product_cat?post=1196"},{"taxonomy":"product_tag","embeddable":true,"href":"https:\/\/www.gruasybasculantesdac.com\/en\/wp-json\/wp\/v2\/product_tag?post=1196"}],"curies":[{"name":"wp","href":"https:\/\/api.w.org\/{rel}","templated":true}]}}