{"id":1176,"date":"2024-03-25T18:20:27","date_gmt":"2024-03-25T17:20:27","guid":{"rendered":"https:\/\/www.gruasybasculantesdac.com\/?post_type=product&#038;p=1176"},"modified":"2024-03-25T18:46:20","modified_gmt":"2024-03-25T17:46:20","slug":"q150z-q180z-hpls","status":"publish","type":"product","link":"https:\/\/www.gruasybasculantesdac.com\/en\/q150z-q180z-hpls\/","title":{"rendered":"Q150Z &#8211; Q180Z HPLS"},"content":{"rendered":"<p data-sourcepos=\"3:1-3:87\"><strong>Gr\u00faa hidr\u00e1ulica de gran tonelaje para manipulaci\u00f3n de materiales con brazo plegable<\/strong><\/p>\n<p data-sourcepos=\"5:1-5:271\">La <strong>Palfinger Q150Z &#8211; Q180Z HPLS<\/strong> es una gr\u00faa articulada de alta gama que ofrece una combinaci\u00f3n excepcional de potencia, versatilidad y facilidad de uso. Dise\u00f1ada para la manipulaci\u00f3n eficiente de materiales en una amplia gama de aplicaciones, esta gr\u00faa es ideal para:<\/p>\n<ul data-sourcepos=\"7:1-12:0\">\n<li data-sourcepos=\"7:1-7:30\"><strong>Empresas de construcci\u00f3n<\/strong><\/li>\n<li data-sourcepos=\"8:1-8:36\"><strong>Empresas de servicios p\u00fablicos<\/strong><\/li>\n<li data-sourcepos=\"9:1-9:40\"><strong>Empresas de alquiler de maquinaria<\/strong><\/li>\n<li data-sourcepos=\"10:1-10:24\"><strong>Talleres mec\u00e1nicos<\/strong><\/li>\n<li data-sourcepos=\"11:1-12:0\"><strong>Cualquier otra empresa que requiera una gr\u00faa fiable y robusta<\/strong><\/li>\n<\/ul>\n<p data-sourcepos=\"13:1-13:32\">\n<p data-sourcepos=\"13:1-13:32\"><strong>Caracter\u00edsticas principales:<\/strong><\/p>\n<ul data-sourcepos=\"15:1-23:0\">\n<li data-sourcepos=\"15:1-15:81\"><strong>Capacidad de elevaci\u00f3n:<\/strong>\u00a0De 15 a 18 toneladas\/metro (dependiendo del modelo)<\/li>\n<li data-sourcepos=\"16:1-16:63\"><strong>Alcance m\u00e1ximo:<\/strong>\u00a0Hasta 8,3 metros (dependiendo del modelo)<\/li>\n<li data-sourcepos=\"17:1-17:76\"><strong>Altura m\u00e1xima de elevaci\u00f3n:<\/strong>\u00a0Hasta 11,1 metros (dependiendo del modelo)<\/li>\n<li data-sourcepos=\"18:1-18:66\"><strong>Brazo plegable:<\/strong>\u00a0Permite un f\u00e1cil almacenamiento y transporte<\/li>\n<li data-sourcepos=\"19:1-19:88\"><strong>Sistema hidr\u00e1ulico de alta eficiencia:<\/strong>\u00a0Garantiza un funcionamiento suave y preciso<\/li>\n<li data-sourcepos=\"20:1-20:55\"><strong>Controles intuitivos:<\/strong>\u00a0Facilitan el uso de la gr\u00faa<\/li>\n<li data-sourcepos=\"21:1-21:88\"><strong>Dise\u00f1o robusto:<\/strong>\u00a0Construida con materiales de alta calidad para una larga vida \u00fatil<\/li>\n<li data-sourcepos=\"22:1-23:0\"><strong>Mantenimiento sencillo:<\/strong>\u00a0Minimiza el tiempo de inactividad<\/li>\n<\/ul>\n<p data-sourcepos=\"24:1-24:134\">\n<p data-sourcepos=\"24:1-24:134\"><strong>La Palfinger Q150Z &#8211; Q180Z HPLS es la soluci\u00f3n ideal para las empresas que buscan una gr\u00faa fiable, vers\u00e1til y de alto rendimiento.<\/strong><\/p>","protected":false},"excerpt":{"rendered":"<h2 class=\"titulointerior\">Comprar Palfinger Q150Z \u2013 Q180Z HPLS<\/h2>\n<div class=\"elementor-element elementor-element-d18684c jedv-enabled--yes elementor-widget-divider--view-line elementor-widget elementor-widget-divider\" data-id=\"d18684c\" data-element_type=\"widget\" data-widget_type=\"divider.default\">\n<div class=\"elementor-widget-container\">\n<div class=\"elementor-divider\"><span class=\"elementor-divider-separator\">\u00a0<\/span><\/div>\n<\/div>\n<\/div>\n<p>\u00bfEst\u00e1s interesado en comprar la Palfinger Q150Z \u2013 Q180Z HPLS y optimizar tu proceso de trabajo y alcanzar nuevos niveles de productividad?<br \/>\nGr\u00faas y basculantes DAC vende maquinaria de Palfinger, en concreto la Palfinger Q150Z \u2013 Q180Z HPLS. Esta innovadora herramienta redefine los est\u00e1ndares de eficiencia y rendimiento.<br \/>\nEsta m\u00e1quina cuenta con caracter\u00edsticas de vanguardia dise\u00f1adas para ofrecer resultados excepcionales. Desde su tecnolog\u00eda de \u00faltima generaci\u00f3n hasta su dise\u00f1o ergon\u00f3mico, cada detalle ha sido cuidadosamente considerado para satisfacer las demandas de los profesionales m\u00e1s exigentes.<br \/>\nSi est\u00e1s interesado en comprar la Palfinger Q150Z \u2013 Q180Z HPLS no lo dudes, ll\u00e1manos o escr\u00edbenos para poder disfrutar de una maquinaria l\u00edder en el mercado<\/p>","protected":false},"featured_media":1178,"comment_status":"open","ping_status":"closed","template":"","meta":[],"product_brand":[],"product_cat":[21,43],"product_tag":[],"class_list":{"0":"post-1176","1":"product","2":"type-product","3":"status-publish","4":"has-post-thumbnail","6":"product_cat-gruas-forestales-y-chatarreras","7":"product_cat-serie-q","9":"first","10":"instock","11":"shipping-taxable","12":"product-type-simple"},"_links":{"self":[{"href":"https:\/\/www.gruasybasculantesdac.com\/en\/wp-json\/wp\/v2\/product\/1176","targetHints":{"allow":["GET"]}}],"collection":[{"href":"https:\/\/www.gruasybasculantesdac.com\/en\/wp-json\/wp\/v2\/product"}],"about":[{"href":"https:\/\/www.gruasybasculantesdac.com\/en\/wp-json\/wp\/v2\/types\/product"}],"replies":[{"embeddable":true,"href":"https:\/\/www.gruasybasculantesdac.com\/en\/wp-json\/wp\/v2\/comments?post=1176"}],"wp:featuredmedia":[{"embeddable":true,"href":"https:\/\/www.gruasybasculantesdac.com\/en\/wp-json\/wp\/v2\/media\/1178"}],"wp:attachment":[{"href":"https:\/\/www.gruasybasculantesdac.com\/en\/wp-json\/wp\/v2\/media?parent=1176"}],"wp:term":[{"taxonomy":"product_brand","embeddable":true,"href":"https:\/\/www.gruasybasculantesdac.com\/en\/wp-json\/wp\/v2\/product_brand?post=1176"},{"taxonomy":"product_cat","embeddable":true,"href":"https:\/\/www.gruasybasculantesdac.com\/en\/wp-json\/wp\/v2\/product_cat?post=1176"},{"taxonomy":"product_tag","embeddable":true,"href":"https:\/\/www.gruasybasculantesdac.com\/en\/wp-json\/wp\/v2\/product_tag?post=1176"}],"curies":[{"name":"wp","href":"https:\/\/api.w.org\/{rel}","templated":true}]}}