{"id":1170,"date":"2024-03-25T17:58:04","date_gmt":"2024-03-25T16:58:04","guid":{"rendered":"https:\/\/www.gruasybasculantesdac.com\/?post_type=product&#038;p=1170"},"modified":"2024-03-25T18:48:05","modified_gmt":"2024-03-25T17:48:05","slug":"m100z-m-130z-hpls","status":"publish","type":"product","link":"https:\/\/www.gruasybasculantesdac.com\/en\/m100z-m-130z-hpls\/","title":{"rendered":"M100Z &#8211; M 130Z HPLS"},"content":{"rendered":"<div class=\"markdown markdown-main-panel\" dir=\"ltr\">\n<p data-sourcepos=\"3:1-3:88\"><strong>Gr\u00faa hidr\u00e1ulica de tonelaje medio para manipulaci\u00f3n de materiales con brazo plegable<\/strong><\/p>\n<p data-sourcepos=\"5:1-5:272\">La <strong>Palfinger M100Z &#8211; M 130Z HPLS<\/strong> es una gr\u00faa articulada de alta gama que ofrece una combinaci\u00f3n excepcional de potencia, versatilidad y facilidad de uso. Dise\u00f1ada para la manipulaci\u00f3n eficiente de materiales en una amplia gama de aplicaciones, esta gr\u00faa es ideal para:<\/p>\n<ul data-sourcepos=\"7:1-12:0\">\n<li data-sourcepos=\"7:1-7:30\"><strong>Empresas de construcci\u00f3n<\/strong><\/li>\n<li data-sourcepos=\"8:1-8:36\"><strong>Empresas de servicios p\u00fablicos<\/strong><\/li>\n<li data-sourcepos=\"9:1-9:40\"><strong>Empresas de alquiler de maquinaria<\/strong><\/li>\n<li data-sourcepos=\"10:1-10:24\"><strong>Talleres mec\u00e1nicos<\/strong><\/li>\n<li data-sourcepos=\"11:1-12:0\"><strong>Cualquier otra empresa que requiera una gr\u00faa fiable y robusta<\/strong><\/li>\n<\/ul>\n<p data-sourcepos=\"13:1-13:32\">\n<p data-sourcepos=\"13:1-13:32\"><strong>Caracter\u00edsticas principales:<\/strong><\/p>\n<ul data-sourcepos=\"15:1-23:0\">\n<li data-sourcepos=\"15:1-15:75\"><strong>Capacidad de elevaci\u00f3n:<\/strong> De 10 a 13 toneladas (dependiendo del modelo)<\/li>\n<li data-sourcepos=\"16:1-16:63\"><strong>Alcance m\u00e1ximo:<\/strong> Hasta 8,3 metros (dependiendo del modelo)<\/li>\n<li data-sourcepos=\"17:1-17:76\"><strong>Altura m\u00e1xima de elevaci\u00f3n:<\/strong> Hasta 11,1 metros (dependiendo del modelo)<\/li>\n<li data-sourcepos=\"18:1-18:66\"><strong>Brazo plegable:<\/strong> Permite un f\u00e1cil almacenamiento y transporte<\/li>\n<li data-sourcepos=\"19:1-19:88\"><strong>Sistema hidr\u00e1ulico de alta eficiencia:<\/strong> Garantiza un funcionamiento suave y preciso<\/li>\n<li data-sourcepos=\"20:1-20:55\"><strong>Controles intuitivos:<\/strong> Facilitan el uso de la gr\u00faa<\/li>\n<li data-sourcepos=\"21:1-21:88\"><strong>Dise\u00f1o robusto:<\/strong> Construida con materiales de alta calidad para una larga vida \u00fatil<\/li>\n<li data-sourcepos=\"22:1-23:0\"><strong>Mantenimiento sencillo:<\/strong> Minimiza el tiempo de inactividad<\/li>\n<\/ul>\n<p data-sourcepos=\"24:1-24:135\">\n<p data-sourcepos=\"24:1-24:135\"><strong>La Palfinger M100Z &#8211; M 130Z HPLS es la soluci\u00f3n ideal para las empresas que buscan una gr\u00faa fiable, vers\u00e1til y de alto rendimiento.<\/strong><\/p>\n<p data-sourcepos=\"26:1-26:114\"><strong>Para m\u00e1s informaci\u00f3n, contacte con nosotros.<\/strong><\/p>\n<\/div>","protected":false},"excerpt":{"rendered":"<h2 class=\"titulointerior\">Comprar Palfinger M100Z \u2013 M 130Z HPLS<\/h2>\n<div class=\"elementor-element elementor-element-d18684c jedv-enabled--yes elementor-widget-divider--view-line elementor-widget elementor-widget-divider\" data-id=\"d18684c\" data-element_type=\"widget\" data-widget_type=\"divider.default\">\n<div class=\"elementor-widget-container\">\n<div class=\"elementor-divider\"><span class=\"elementor-divider-separator\">\u00a0<\/span><\/div>\n<\/div>\n<\/div>\n<p>\u00bfEst\u00e1s interesado en comprar la Palfinger M100Z \u2013 M 130Z HPLS y optimizar tu proceso de trabajo y alcanzar nuevos niveles de productividad?<br \/>\nGr\u00faas y basculantes DAC vende maquinaria de Palfinger, en concreto la Palfinger M100Z \u2013 M 130Z HPLS. Esta innovadora herramienta redefine los est\u00e1ndares de eficiencia y rendimiento.<br \/>\nEsta m\u00e1quina cuenta con caracter\u00edsticas de vanguardia dise\u00f1adas para ofrecer resultados excepcionales. Desde su tecnolog\u00eda de \u00faltima generaci\u00f3n hasta su dise\u00f1o ergon\u00f3mico, cada detalle ha sido cuidadosamente considerado para satisfacer las demandas de los profesionales m\u00e1s exigentes.<br \/>\nSi est\u00e1s interesado en comprar la Palfinger M100Z \u2013 M 130Z HPLS no lo dudes, ll\u00e1manos o escr\u00edbenos para poder disfrutar de una maquinaria l\u00edder en el mercado<\/p>","protected":false},"featured_media":1171,"comment_status":"closed","ping_status":"closed","template":"","meta":[],"product_brand":[],"product_cat":[21,41],"product_tag":[],"class_list":{"0":"post-1170","1":"product","2":"type-product","3":"status-publish","4":"has-post-thumbnail","6":"product_cat-gruas-forestales-y-chatarreras","7":"product_cat-serie-m","9":"first","10":"instock","11":"shipping-taxable","12":"product-type-simple"},"_links":{"self":[{"href":"https:\/\/www.gruasybasculantesdac.com\/en\/wp-json\/wp\/v2\/product\/1170","targetHints":{"allow":["GET"]}}],"collection":[{"href":"https:\/\/www.gruasybasculantesdac.com\/en\/wp-json\/wp\/v2\/product"}],"about":[{"href":"https:\/\/www.gruasybasculantesdac.com\/en\/wp-json\/wp\/v2\/types\/product"}],"replies":[{"embeddable":true,"href":"https:\/\/www.gruasybasculantesdac.com\/en\/wp-json\/wp\/v2\/comments?post=1170"}],"wp:featuredmedia":[{"embeddable":true,"href":"https:\/\/www.gruasybasculantesdac.com\/en\/wp-json\/wp\/v2\/media\/1171"}],"wp:attachment":[{"href":"https:\/\/www.gruasybasculantesdac.com\/en\/wp-json\/wp\/v2\/media?parent=1170"}],"wp:term":[{"taxonomy":"product_brand","embeddable":true,"href":"https:\/\/www.gruasybasculantesdac.com\/en\/wp-json\/wp\/v2\/product_brand?post=1170"},{"taxonomy":"product_cat","embeddable":true,"href":"https:\/\/www.gruasybasculantesdac.com\/en\/wp-json\/wp\/v2\/product_cat?post=1170"},{"taxonomy":"product_tag","embeddable":true,"href":"https:\/\/www.gruasybasculantesdac.com\/en\/wp-json\/wp\/v2\/product_tag?post=1170"}],"curies":[{"name":"wp","href":"https:\/\/api.w.org\/{rel}","templated":true}]}}