{"id":1148,"date":"2024-03-18T03:11:39","date_gmt":"2024-03-18T02:11:39","guid":{"rendered":"https:\/\/www.gruasybasculantesdac.com\/?post_type=product&#038;p=1148"},"modified":"2024-03-18T03:11:40","modified_gmt":"2024-03-18T02:11:40","slug":"pk-19500t-eh-high-performance","status":"publish","type":"product","link":"https:\/\/www.gruasybasculantesdac.com\/en\/pk-19500t-eh-high-performance\/","title":{"rendered":"PK 19500T-EH High Performance"},"content":{"rendered":"<p>La Palfinger PK 19500T-EH High Performance es una gr\u00faa articulada de carga dise\u00f1ada para satisfacer las demandas m\u00e1s exigentes en el \u00e1mbito de los servicios de gr\u00faa y recuperaci\u00f3n de veh\u00edculos. Esta gr\u00faa destaca por sus innovadoras caracter\u00edsticas, entre las que se incluyen los cilindros de prolongaci\u00f3n estrat\u00e9gicamente ubicados a los lados, asegurando as\u00ed una reducci\u00f3n significativa en la altura total del veh\u00edculo cuando el brazo principal est\u00e1 extendido. Esta configuraci\u00f3n no solo optimiza el rendimiento, sino que tambi\u00e9n mejora la seguridad y la eficiencia en operaciones cr\u00edticas.<\/p>\n<p>Adem\u00e1s, la Palfinger PK 19500T-EH High Performance est\u00e1 equipada con un segundo panel de control que ofrece al operador una visibilidad excepcional de la plataforma de trabajo, permitiendo una precisi\u00f3n sin precedentes en el manejo de cargas. La inclusi\u00f3n de control remoto por radio y el sistema electr\u00f3nico HPLS como equipamiento est\u00e1ndar refuerza la funcionalidad y versatilidad de esta gr\u00faa, haciendo que las tareas cotidianas sean m\u00e1s sencillas y eficientes. La Palfinger PK 19500T-EH High Performance es, sin duda, la encarnaci\u00f3n de la perfecci\u00f3n en acci\u00f3n, dise\u00f1ada para superar las expectativas en cada operaci\u00f3n.<\/p>","protected":false},"excerpt":{"rendered":"<h2 class=\"titulointerior\">Comprar Palfinger PK 19500T-EH High Performance<\/h2>\n<div class=\"elementor-element elementor-element-d18684c jedv-enabled--yes elementor-widget-divider--view-line elementor-widget elementor-widget-divider\" data-id=\"d18684c\" data-element_type=\"widget\" data-widget_type=\"divider.default\">\n<div class=\"elementor-widget-container\">\n<div class=\"elementor-divider\">\n\t\t\t<span class=\"elementor-divider-separator\"><br \/>\n\t\t\t\t\t\t<\/span>\n\t\t<\/div>\n<\/p><\/div>\n<\/p><\/div>\n<p>\t\t\t\u00bfEst\u00e1s interesado en comprar la Palfinger PK 19500T-EH High Performance y optimizar tu proceso de trabajo y alcanzar nuevos niveles de productividad?<br \/>\n\t\t\tGr\u00faas y basculantes DAC vende maquinaria de Palfinger, en concreto la Palfinger PK 19500T-EH High Performance. Esta innovadora herramienta redefine los est\u00e1ndares de eficiencia y rendimiento.  <br \/>Esta m\u00e1quina cuenta con caracter\u00edsticas de vanguardia dise\u00f1adas para ofrecer resultados excepcionales. Desde su tecnolog\u00eda de \u00faltima generaci\u00f3n hasta su dise\u00f1o ergon\u00f3mico, cada detalle ha sido cuidadosamente considerado para satisfacer las demandas de los profesionales m\u00e1s exigentes.<br \/>Si est\u00e1s interesado en comprar la Palfinger PK 19500T-EH High Performance no lo dudes, ll\u00e1manos o escr\u00edbenos para poder disfrutar de una maquinaria l\u00edder en el mercado <\/p>","protected":false},"featured_media":1149,"comment_status":"closed","ping_status":"closed","template":"","meta":[],"product_brand":[],"product_cat":[20,36],"product_tag":[],"class_list":{"0":"post-1148","1":"product","2":"type-product","3":"status-publish","4":"has-post-thumbnail","6":"product_cat-gruas-hidraulicas-articuladas","7":"product_cat-especial","9":"first","10":"instock","11":"shipping-taxable","12":"product-type-simple"},"_links":{"self":[{"href":"https:\/\/www.gruasybasculantesdac.com\/en\/wp-json\/wp\/v2\/product\/1148","targetHints":{"allow":["GET"]}}],"collection":[{"href":"https:\/\/www.gruasybasculantesdac.com\/en\/wp-json\/wp\/v2\/product"}],"about":[{"href":"https:\/\/www.gruasybasculantesdac.com\/en\/wp-json\/wp\/v2\/types\/product"}],"replies":[{"embeddable":true,"href":"https:\/\/www.gruasybasculantesdac.com\/en\/wp-json\/wp\/v2\/comments?post=1148"}],"wp:featuredmedia":[{"embeddable":true,"href":"https:\/\/www.gruasybasculantesdac.com\/en\/wp-json\/wp\/v2\/media\/1149"}],"wp:attachment":[{"href":"https:\/\/www.gruasybasculantesdac.com\/en\/wp-json\/wp\/v2\/media?parent=1148"}],"wp:term":[{"taxonomy":"product_brand","embeddable":true,"href":"https:\/\/www.gruasybasculantesdac.com\/en\/wp-json\/wp\/v2\/product_brand?post=1148"},{"taxonomy":"product_cat","embeddable":true,"href":"https:\/\/www.gruasybasculantesdac.com\/en\/wp-json\/wp\/v2\/product_cat?post=1148"},{"taxonomy":"product_tag","embeddable":true,"href":"https:\/\/www.gruasybasculantesdac.com\/en\/wp-json\/wp\/v2\/product_tag?post=1148"}],"curies":[{"name":"wp","href":"https:\/\/api.w.org\/{rel}","templated":true}]}}