{"id":1143,"date":"2024-03-18T03:00:28","date_gmt":"2024-03-18T02:00:28","guid":{"rendered":"https:\/\/www.gruasybasculantesdac.com\/?post_type=product&#038;p=1143"},"modified":"2024-03-18T03:01:03","modified_gmt":"2024-03-18T02:01:03","slug":"pk-15500t-eh-high-performance","status":"publish","type":"product","link":"https:\/\/www.gruasybasculantesdac.com\/en\/pk-15500t-eh-high-performance\/","title":{"rendered":"PK 15500T-EH High Performance"},"content":{"rendered":"<p>La Palfinger PK 15500T-EH High Performance es una gr\u00faa articulada de carga que sobresale en el sector de servicios de gr\u00faa y recuperaci\u00f3n de veh\u00edculos, dise\u00f1ada meticulosamente para satisfacer las demandas variadas de estas operaciones. Esta gr\u00faa destaca por incorporar caracter\u00edsticas innovadoras, como la disposici\u00f3n de cilindros de extensi\u00f3n lateralmente, una estrategia que minimiza la altura total del veh\u00edculo con el brazo principal extendido, facilitando el trabajo en entornos con restricciones de espacio.<\/p>\n<p>Adem\u00e1s, su dise\u00f1o incluye un segundo panel de control que optimiza la visibilidad sobre la plataforma, mejorando significativamente la seguridad y la precisi\u00f3n en cada operaci\u00f3n. Para una mayor comodidad y eficiencia, la Palfinger PK 15500T-EH High Performance viene equipada de serie con control remoto por radio y el sistema HPLS electr\u00f3nico, tecnolog\u00edas que simplifican las tareas diarias, permitiendo a los operadores realizar trabajos m\u00e1s complejos con facilidad y seguridad. Su adaptabilidad y altas prestaciones la convierten en una elecci\u00f3n excepcional para profesionales que buscan eficiencia y fiabilidad en sus operaciones de gr\u00faa y recuperaci\u00f3n de veh\u00edculos.<\/p>","protected":false},"excerpt":{"rendered":"<h2 class=\"titulointerior\">Comprar Palfinger PK 15500T-EH High Performance<\/h2>\n<div class=\"elementor-element elementor-element-d18684c jedv-enabled--yes elementor-widget-divider--view-line elementor-widget elementor-widget-divider\" data-id=\"d18684c\" data-element_type=\"widget\" data-widget_type=\"divider.default\">\n<div class=\"elementor-widget-container\">\n<div class=\"elementor-divider\"><span class=\"elementor-divider-separator\">\u00a0<\/span><\/div>\n<\/div>\n<\/div>\n<p>\u00bfEst\u00e1s interesado en comprar la Palfinger PK 15500T-EH High Performance y optimizar tu proceso de trabajo y alcanzar nuevos niveles de productividad?<br \/>\nGr\u00faas y basculantes DAC vende maquinaria de Palfinger, en concreto la Palfinger PK 15500T-EH High Performance. Esta innovadora herramienta redefine los est\u00e1ndares de eficiencia y rendimiento.<br \/>\nEsta m\u00e1quina cuenta con caracter\u00edsticas de vanguardia dise\u00f1adas para ofrecer resultados excepcionales. Desde su tecnolog\u00eda de \u00faltima generaci\u00f3n hasta su dise\u00f1o ergon\u00f3mico, cada detalle ha sido cuidadosamente considerado para satisfacer las demandas de los profesionales m\u00e1s exigentes.<br \/>\nSi est\u00e1s interesado en comprar la Palfinger PK 15500T-EH High Performance no lo dudes, ll\u00e1manos o escr\u00edbenos para poder disfrutar de una maquinaria l\u00edder en el mercado<\/p>","protected":false},"featured_media":1145,"comment_status":"closed","ping_status":"closed","template":"","meta":[],"product_brand":[],"product_cat":[20,36],"product_tag":[],"class_list":{"0":"post-1143","1":"product","2":"type-product","3":"status-publish","4":"has-post-thumbnail","6":"product_cat-gruas-hidraulicas-articuladas","7":"product_cat-especial","9":"first","10":"instock","11":"shipping-taxable","12":"product-type-simple"},"_links":{"self":[{"href":"https:\/\/www.gruasybasculantesdac.com\/en\/wp-json\/wp\/v2\/product\/1143","targetHints":{"allow":["GET"]}}],"collection":[{"href":"https:\/\/www.gruasybasculantesdac.com\/en\/wp-json\/wp\/v2\/product"}],"about":[{"href":"https:\/\/www.gruasybasculantesdac.com\/en\/wp-json\/wp\/v2\/types\/product"}],"replies":[{"embeddable":true,"href":"https:\/\/www.gruasybasculantesdac.com\/en\/wp-json\/wp\/v2\/comments?post=1143"}],"wp:featuredmedia":[{"embeddable":true,"href":"https:\/\/www.gruasybasculantesdac.com\/en\/wp-json\/wp\/v2\/media\/1145"}],"wp:attachment":[{"href":"https:\/\/www.gruasybasculantesdac.com\/en\/wp-json\/wp\/v2\/media?parent=1143"}],"wp:term":[{"taxonomy":"product_brand","embeddable":true,"href":"https:\/\/www.gruasybasculantesdac.com\/en\/wp-json\/wp\/v2\/product_brand?post=1143"},{"taxonomy":"product_cat","embeddable":true,"href":"https:\/\/www.gruasybasculantesdac.com\/en\/wp-json\/wp\/v2\/product_cat?post=1143"},{"taxonomy":"product_tag","embeddable":true,"href":"https:\/\/www.gruasybasculantesdac.com\/en\/wp-json\/wp\/v2\/product_tag?post=1143"}],"curies":[{"name":"wp","href":"https:\/\/api.w.org\/{rel}","templated":true}]}}