{"id":1133,"date":"2024-03-18T02:52:11","date_gmt":"2024-03-18T01:52:11","guid":{"rendered":"https:\/\/www.gruasybasculantesdac.com\/?post_type=product&#038;p=1133"},"modified":"2024-03-18T02:52:12","modified_gmt":"2024-03-18T01:52:12","slug":"pk-200002-l-sh-high-performance","status":"publish","type":"product","link":"https:\/\/www.gruasybasculantesdac.com\/en\/pk-200002-l-sh-high-performance\/","title":{"rendered":"PK 200002 L SH High Performance"},"content":{"rendered":"<p>La Palfinger PK 200002 L SH High Performance es el ep\u00edtome de la ingenier\u00eda avanzada para operaciones que requieren un alcance excepcional. Esta gr\u00faa articulada de carga se distingue por su dise\u00f1o extenso, espec\u00edficamente optimizado para tareas de elevaci\u00f3n a grandes alturas.<\/p>\n<p>Con la capacidad de ser montada en chasis de cami\u00f3n est\u00e1ndar, esta gr\u00faa no solo promete gran movilidad, sino tambi\u00e9n una integraci\u00f3n perfecta en una variedad de escenarios de trabajo. Su estructura incorpora los innovadores perfiles P-Perfil de Palfinger, garantizando una combinaci\u00f3n \u00f3ptima de rigidez y ligereza.<\/p>\n<p>Una caracter\u00edstica sobresaliente es su impresionante alcance hidr\u00e1ulico vertical, alcanzando hasta los 49 metros, lo que facilita trabajos en alturas considerablemente elevadas con facilidad y eficacia. La gr\u00faa tambi\u00e9n se beneficia de la inclusi\u00f3n del sistema Power Link Plus, ampliando sus capacidades para una gama m\u00e1s amplia de aplicaciones.<\/p>\n<p>La eficiencia operativa se ve reforzada por su sistema de control de doble circuito, que asegura una velocidad de trabajo superior. Adem\u00e1s, est\u00e1 equipada con un estabilizador especial en la parte trasera, que puede extenderse para mejorar la estabilidad durante el uso.<\/p>\n<p>En t\u00e9rminos de seguridad y precisi\u00f3n, la Palfinger PK 200002 L SH High Performance integra el sistema AOS, que mitiga las vibraciones, asegurando operaciones m\u00e1s seguras y controladas. El sistema HPSC de Palfinger optimiza el uso del espacio de trabajo, permitiendo un rendimiento excepcional en cualquier entorno.<\/p>\n<p>La eficiencia de la gr\u00faa se ve potenciada con el uso del fly-jib gracias al sistema DPS Plus, lo que la hace a\u00fan m\u00e1s vers\u00e1til en una amplia gama de tareas de elevaci\u00f3n.<\/p>\n<p>En resumen, la Palfinger PK 200002 L SH High Performance es una maravilla de la tecnolog\u00eda moderna en gr\u00faas articuladas de carga, dise\u00f1ada para aquellos que buscan \u00abPerfecci\u00f3n en Acci\u00f3n\u00bb en sus operaciones de elevaci\u00f3n, combinando un alto rendimiento con seguridad y precisi\u00f3n avanzadas.<\/p>","protected":false},"excerpt":{"rendered":"<h2 class=\"titulointerior\">Comprar Palfinger PK 200002 L SH High Performance<\/h2>\n<div class=\"elementor-element elementor-element-d18684c jedv-enabled--yes elementor-widget-divider--view-line elementor-widget elementor-widget-divider\" data-id=\"d18684c\" data-element_type=\"widget\" data-widget_type=\"divider.default\">\n<div class=\"elementor-widget-container\">\n<div class=\"elementor-divider\">\n\t\t\t<span class=\"elementor-divider-separator\"><br \/>\n\t\t\t\t\t\t<\/span>\n\t\t<\/div>\n<\/p><\/div>\n<\/p><\/div>\n<p>\t\t\t\u00bfEst\u00e1s interesado en comprar la Palfinger PK 200002 L SH High Performance y optimizar tu proceso de trabajo y alcanzar nuevos niveles de productividad?<br \/>\n\t\t\tGr\u00faas y basculantes DAC vende maquinaria de Palfinger, en concreto la Palfinger PK 200002 L SH High Performance. Esta innovadora herramienta redefine los est\u00e1ndares de eficiencia y rendimiento.  <br \/>Esta m\u00e1quina cuenta con caracter\u00edsticas de vanguardia dise\u00f1adas para ofrecer resultados excepcionales. Desde su tecnolog\u00eda de \u00faltima generaci\u00f3n hasta su dise\u00f1o ergon\u00f3mico, cada detalle ha sido cuidadosamente considerado para satisfacer las demandas de los profesionales m\u00e1s exigentes.<br \/>Si est\u00e1s interesado en comprar la Palfinger PK 200002 L SH High Performance no lo dudes, ll\u00e1manos o escr\u00edbenos para poder disfrutar de una maquinaria l\u00edder en el mercado <\/p>","protected":false},"featured_media":1134,"comment_status":"closed","ping_status":"closed","template":"","meta":[],"product_brand":[],"product_cat":[20,35],"product_tag":[],"class_list":{"0":"post-1133","1":"product","2":"type-product","3":"status-publish","4":"has-post-thumbnail","6":"product_cat-gruas-hidraulicas-articuladas","7":"product_cat-gama-alta","9":"first","10":"instock","11":"shipping-taxable","12":"product-type-simple"},"_links":{"self":[{"href":"https:\/\/www.gruasybasculantesdac.com\/en\/wp-json\/wp\/v2\/product\/1133","targetHints":{"allow":["GET"]}}],"collection":[{"href":"https:\/\/www.gruasybasculantesdac.com\/en\/wp-json\/wp\/v2\/product"}],"about":[{"href":"https:\/\/www.gruasybasculantesdac.com\/en\/wp-json\/wp\/v2\/types\/product"}],"replies":[{"embeddable":true,"href":"https:\/\/www.gruasybasculantesdac.com\/en\/wp-json\/wp\/v2\/comments?post=1133"}],"wp:featuredmedia":[{"embeddable":true,"href":"https:\/\/www.gruasybasculantesdac.com\/en\/wp-json\/wp\/v2\/media\/1134"}],"wp:attachment":[{"href":"https:\/\/www.gruasybasculantesdac.com\/en\/wp-json\/wp\/v2\/media?parent=1133"}],"wp:term":[{"taxonomy":"product_brand","embeddable":true,"href":"https:\/\/www.gruasybasculantesdac.com\/en\/wp-json\/wp\/v2\/product_brand?post=1133"},{"taxonomy":"product_cat","embeddable":true,"href":"https:\/\/www.gruasybasculantesdac.com\/en\/wp-json\/wp\/v2\/product_cat?post=1133"},{"taxonomy":"product_tag","embeddable":true,"href":"https:\/\/www.gruasybasculantesdac.com\/en\/wp-json\/wp\/v2\/product_tag?post=1133"}],"curies":[{"name":"wp","href":"https:\/\/api.w.org\/{rel}","templated":true}]}}