{"id":1128,"date":"2024-03-18T02:42:42","date_gmt":"2024-03-18T01:42:42","guid":{"rendered":"https:\/\/www.gruasybasculantesdac.com\/?post_type=product&#038;p=1128"},"modified":"2024-03-18T02:42:42","modified_gmt":"2024-03-18T01:42:42","slug":"pk-165-002-tec-7","status":"publish","type":"product","link":"https:\/\/www.gruasybasculantesdac.com\/en\/pk-165-002-tec-7\/","title":{"rendered":"PK 165.002 TEC 7"},"content":{"rendered":"<p>Nos complace presentar la gr\u00faa articulada Palfinger PK 165.002 TEC 7, un modelo de gr\u00faa montada en cami\u00f3n que combina eficiencia y versatilidad.<\/p>\n<p>La Palfinger PK 165.002 TEC 7 ofrece un momento m\u00e1ximo de elevaci\u00f3n de 124.8 tm y una capacidad m\u00e1xima de carga de 32,000 kg. Su alcance hidr\u00e1ulico m\u00e1ximo es de 21.0 m, y con el uso de un fly-jib, puede alcanzar hasta 36.1 m.<\/p>\n<p>Este modelo se distingue por su sistema de control de alta tecnolog\u00eda y su dise\u00f1o ligero. El sistema de pluma, gracias al Perfil P, es notablemente r\u00edgido y ligero, lo que contribuye a una operaci\u00f3n segura y eficiente.<\/p>\n<p>Adem\u00e1s, la PK 165.002 TEC 7 cuenta con aplicaciones adicionales gracias a Power Link Plus, lo que aumenta su versatilidad. Con una abertura de los estabilizadores de 10.0 m, esta gr\u00faa proporciona una estabilidad excepcional.<\/p>\n<p>Para obtener m\u00e1s informaci\u00f3n sobre la gr\u00faa articulada Palfinger PK 165002 TEC 7, no dude en ponerse en contacto con nosotros.<\/p>","protected":false},"excerpt":{"rendered":"<h2 class=\"titulointerior\">Comprar Palfinger PK 165.002 TEC 7<\/h2>\n<div class=\"elementor-element elementor-element-d18684c jedv-enabled--yes elementor-widget-divider--view-line elementor-widget elementor-widget-divider\" data-id=\"d18684c\" data-element_type=\"widget\" data-widget_type=\"divider.default\">\n<div class=\"elementor-widget-container\">\n<div class=\"elementor-divider\">\n\t\t\t<span class=\"elementor-divider-separator\"><br \/>\n\t\t\t\t\t\t<\/span>\n\t\t<\/div>\n<\/p><\/div>\n<\/p><\/div>\n<p>\t\t\t\u00bfEst\u00e1s interesado en comprar la Palfinger PK 165.002 TEC 7 y optimizar tu proceso de trabajo y alcanzar nuevos niveles de productividad?<br \/>\n\t\t\tGr\u00faas y basculantes DAC vende maquinaria de Palfinger, en concreto la Palfinger PK 165.002 TEC 7. Esta innovadora herramienta redefine los est\u00e1ndares de eficiencia y rendimiento.  <br \/>Esta m\u00e1quina cuenta con caracter\u00edsticas de vanguardia dise\u00f1adas para ofrecer resultados excepcionales. Desde su tecnolog\u00eda de \u00faltima generaci\u00f3n hasta su dise\u00f1o ergon\u00f3mico, cada detalle ha sido cuidadosamente considerado para satisfacer las demandas de los profesionales m\u00e1s exigentes.<br \/>Si est\u00e1s interesado en comprar la Palfinger PK 165.002 TEC 7 no lo dudes, ll\u00e1manos o escr\u00edbenos para poder disfrutar de una maquinaria l\u00edder en el mercado <\/p>","protected":false},"featured_media":1129,"comment_status":"closed","ping_status":"closed","template":"","meta":[],"product_brand":[],"product_cat":[20,35],"product_tag":[],"class_list":{"0":"post-1128","1":"product","2":"type-product","3":"status-publish","4":"has-post-thumbnail","6":"product_cat-gruas-hidraulicas-articuladas","7":"product_cat-gama-alta","9":"first","10":"instock","11":"shipping-taxable","12":"product-type-simple"},"_links":{"self":[{"href":"https:\/\/www.gruasybasculantesdac.com\/en\/wp-json\/wp\/v2\/product\/1128","targetHints":{"allow":["GET"]}}],"collection":[{"href":"https:\/\/www.gruasybasculantesdac.com\/en\/wp-json\/wp\/v2\/product"}],"about":[{"href":"https:\/\/www.gruasybasculantesdac.com\/en\/wp-json\/wp\/v2\/types\/product"}],"replies":[{"embeddable":true,"href":"https:\/\/www.gruasybasculantesdac.com\/en\/wp-json\/wp\/v2\/comments?post=1128"}],"wp:featuredmedia":[{"embeddable":true,"href":"https:\/\/www.gruasybasculantesdac.com\/en\/wp-json\/wp\/v2\/media\/1129"}],"wp:attachment":[{"href":"https:\/\/www.gruasybasculantesdac.com\/en\/wp-json\/wp\/v2\/media?parent=1128"}],"wp:term":[{"taxonomy":"product_brand","embeddable":true,"href":"https:\/\/www.gruasybasculantesdac.com\/en\/wp-json\/wp\/v2\/product_brand?post=1128"},{"taxonomy":"product_cat","embeddable":true,"href":"https:\/\/www.gruasybasculantesdac.com\/en\/wp-json\/wp\/v2\/product_cat?post=1128"},{"taxonomy":"product_tag","embeddable":true,"href":"https:\/\/www.gruasybasculantesdac.com\/en\/wp-json\/wp\/v2\/product_tag?post=1128"}],"curies":[{"name":"wp","href":"https:\/\/api.w.org\/{rel}","templated":true}]}}