{"id":1112,"date":"2024-03-17T13:54:01","date_gmt":"2024-03-17T12:54:01","guid":{"rendered":"https:\/\/www.gruasybasculantesdac.com\/?post_type=product&#038;p=1112"},"modified":"2024-03-17T13:54:01","modified_gmt":"2024-03-17T12:54:01","slug":"pk-1050-tec","status":"publish","type":"product","link":"https:\/\/www.gruasybasculantesdac.com\/en\/pk-1050-tec\/","title":{"rendered":"PK 1050 TEC"},"content":{"rendered":"<p>Optimice su rendimiento con la gr\u00faa articulada de carga Palfinger PK 1050 TEC, equipada con tecnolog\u00eda de punta para un manejo excepcional y eficiente. El sistema electr\u00f3nico PALTRONIC 180 asegura un control preciso y adaptado a cada necesidad, mientras que la v\u00e1lvula de control LX-6 destaca por su respuesta inmediata y sensibilidad, garantizando una operaci\u00f3n suave y segura.<\/p>\n<p>La estructura de brazo, reforzada con el innovador perfil P, combina rigidez y ligereza, optimizando la capacidad de carga y facilitando el manejo. Adem\u00e1s, la caracter\u00edstica de giro continuo eleva la eficiencia y agilidad en cada operaci\u00f3n, permitiendo movimientos fluidos y constantes sin interrupciones.<\/p>\n<p>La comodidad del operario se ve reforzada con el mando a distancia PALcom P7, una creaci\u00f3n exclusiva de PALFINGER que simplifica el manejo y mejora la experiencia de uso. La eficiencia se multiplica con la incorporaci\u00f3n de un fly-jib compatible con DPS-P, ampliando las posibilidades de carga y alcanzando nuevos niveles de productividad.<\/p>\n<p>Gracias al sistema HPSC ampliado, se maximiza la utilizaci\u00f3n del rango de trabajo, permitiendo operar en espacios restringidos con precisi\u00f3n y seguridad. Este modelo no solo destaca por su rendimiento superior sino tambi\u00e9n por su dise\u00f1o funcional y atractivo, que combina practicidad y est\u00e9tica en una soluci\u00f3n de elevaci\u00f3n avanzada.<\/p>\n<p>La Palfinger PK 1050 TEC representa la perfecci\u00f3n en ingenier\u00eda de gr\u00faas, dise\u00f1ada para superar las expectativas en cada tarea y ofrecer un rendimiento inigualable en el sector.<\/p>","protected":false},"excerpt":{"rendered":"<h2 class=\"titulointerior\">Comprar Palfinger PK 1050 TEC<\/h2>\n<div class=\"elementor-element elementor-element-d18684c jedv-enabled--yes elementor-widget-divider--view-line elementor-widget elementor-widget-divider\" data-id=\"d18684c\" data-element_type=\"widget\" data-widget_type=\"divider.default\">\n<div class=\"elementor-widget-container\">\n<div class=\"elementor-divider\">\n\t\t\t<span class=\"elementor-divider-separator\"><br \/>\n\t\t\t\t\t\t<\/span>\n\t\t<\/div>\n<\/p><\/div>\n<\/p><\/div>\n<p>\t\t\t\u00bfEst\u00e1s interesado en comprar la Palfinger PK 1050 TEC y optimizar tu proceso de trabajo y alcanzar nuevos niveles de productividad?<br \/>\n\t\t\tGr\u00faas y basculantes DAC vende maquinaria de Palfinger, en concreto la Palfinger PK 1050 TEC. Esta innovadora herramienta redefine los est\u00e1ndares de eficiencia y rendimiento.  <br \/>Esta m\u00e1quina cuenta con caracter\u00edsticas de vanguardia dise\u00f1adas para ofrecer resultados excepcionales. Desde su tecnolog\u00eda de \u00faltima generaci\u00f3n hasta su dise\u00f1o ergon\u00f3mico, cada detalle ha sido cuidadosamente considerado para satisfacer las demandas de los profesionales m\u00e1s exigentes.<br \/>Si est\u00e1s interesado en comprar la Palfinger PK 1050 TEC no lo dudes, ll\u00e1manos o escr\u00edbenos para poder disfrutar de una maquinaria l\u00edder en el mercado <\/p>","protected":false},"featured_media":1113,"comment_status":"closed","ping_status":"closed","template":"","meta":[],"product_brand":[],"product_cat":[20,35],"product_tag":[],"class_list":{"0":"post-1112","1":"product","2":"type-product","3":"status-publish","4":"has-post-thumbnail","6":"product_cat-gruas-hidraulicas-articuladas","7":"product_cat-gama-alta","9":"first","10":"instock","11":"shipping-taxable","12":"product-type-simple"},"_links":{"self":[{"href":"https:\/\/www.gruasybasculantesdac.com\/en\/wp-json\/wp\/v2\/product\/1112","targetHints":{"allow":["GET"]}}],"collection":[{"href":"https:\/\/www.gruasybasculantesdac.com\/en\/wp-json\/wp\/v2\/product"}],"about":[{"href":"https:\/\/www.gruasybasculantesdac.com\/en\/wp-json\/wp\/v2\/types\/product"}],"replies":[{"embeddable":true,"href":"https:\/\/www.gruasybasculantesdac.com\/en\/wp-json\/wp\/v2\/comments?post=1112"}],"wp:featuredmedia":[{"embeddable":true,"href":"https:\/\/www.gruasybasculantesdac.com\/en\/wp-json\/wp\/v2\/media\/1113"}],"wp:attachment":[{"href":"https:\/\/www.gruasybasculantesdac.com\/en\/wp-json\/wp\/v2\/media?parent=1112"}],"wp:term":[{"taxonomy":"product_brand","embeddable":true,"href":"https:\/\/www.gruasybasculantesdac.com\/en\/wp-json\/wp\/v2\/product_brand?post=1112"},{"taxonomy":"product_cat","embeddable":true,"href":"https:\/\/www.gruasybasculantesdac.com\/en\/wp-json\/wp\/v2\/product_cat?post=1112"},{"taxonomy":"product_tag","embeddable":true,"href":"https:\/\/www.gruasybasculantesdac.com\/en\/wp-json\/wp\/v2\/product_tag?post=1112"}],"curies":[{"name":"wp","href":"https:\/\/api.w.org\/{rel}","templated":true}]}}