{"id":1100,"date":"2024-03-17T13:34:59","date_gmt":"2024-03-17T12:34:59","guid":{"rendered":"https:\/\/www.gruasybasculantesdac.com\/?post_type=product&#038;p=1100"},"modified":"2024-03-17T13:34:59","modified_gmt":"2024-03-17T12:34:59","slug":"pk-88002-eh-high-performance","status":"publish","type":"product","link":"https:\/\/www.gruasybasculantesdac.com\/en\/pk-88002-eh-high-performance\/","title":{"rendered":"PK 88002 EH High Performance"},"content":{"rendered":"<p>La Palfinger PK 88002 EH High Performance redefine la excelencia en operaciones de elevaci\u00f3n, destacando por su versatilidad y potencia. Este modelo incorpora el innovador sistema Power Link Plus, optimizando su rendimiento en \u00e1reas de trabajo restringidas, lo que facilita la realizaci\u00f3n de tareas en espacios limitados sin comprometer su eficacia. Su durabilidad est\u00e1 asegurada gracias al tratamiento de revestimiento KTL, que no solo preserva la integridad estructural de la gr\u00faa, sino que tambi\u00e9n maximiza su valor residual a lo largo del tiempo.<\/p>\n<p>La Palfinger PK 88002 EH High Performance expande sus horizontes de funcionalidad con el sistema Power Link Plus, permitiendo una mayor diversidad en las aplicaciones de elevaci\u00f3n. Con el HPSC (High Performance Stability Control), este modelo aprovecha al m\u00e1ximo el \u00e1rea de trabajo disponible, asegurando una operaci\u00f3n segura y eficiente en cualquier situaci\u00f3n. Adem\u00e1s, la tecnolog\u00eda E-HPLS (Enhanced High Power Lifting System) incrementa significativamente la capacidad de elevaci\u00f3n, estableciendo nuevos est\u00e1ndares de rendimiento en el sector.<\/p>\n<p>Experimenta la PERFECCI\u00d3N EN ACCI\u00d3N con la Palfinger PK 88002 EH High Performance, donde la innovaci\u00f3n y la alta capacidad se encuentran para superar tus expectativas en cada tarea.<\/p>","protected":false},"excerpt":{"rendered":"<h2 class=\"titulointerior\">Comprar Palfinger PK 88002 EH High Performance<\/h2>\n<div class=\"elementor-element elementor-element-d18684c jedv-enabled--yes elementor-widget-divider--view-line elementor-widget elementor-widget-divider\" data-id=\"d18684c\" data-element_type=\"widget\" data-widget_type=\"divider.default\">\n<div class=\"elementor-widget-container\">\n<div class=\"elementor-divider\">\n\t\t\t<span class=\"elementor-divider-separator\"><br \/>\n\t\t\t\t\t\t<\/span>\n\t\t<\/div>\n<\/p><\/div>\n<\/p><\/div>\n<p>\t\t\t\u00bfEst\u00e1s interesado en comprar la Palfinger PK 88002 EH High Performance y optimizar tu proceso de trabajo y alcanzar nuevos niveles de productividad?<br \/>\n\t\t\tGr\u00faas y basculantes DAC vende maquinaria de Palfinger, en concreto la Palfinger PK 88002 EH High Performance. Esta innovadora herramienta redefine los est\u00e1ndares de eficiencia y rendimiento.  <br \/>Esta m\u00e1quina cuenta con caracter\u00edsticas de vanguardia dise\u00f1adas para ofrecer resultados excepcionales. Desde su tecnolog\u00eda de \u00faltima generaci\u00f3n hasta su dise\u00f1o ergon\u00f3mico, cada detalle ha sido cuidadosamente considerado para satisfacer las demandas de los profesionales m\u00e1s exigentes.<br \/>Si est\u00e1s interesado en comprar la Palfinger PK 88002 EH High Performance no lo dudes, ll\u00e1manos o escr\u00edbenos para poder disfrutar de una maquinaria l\u00edder en el mercado <\/p>","protected":false},"featured_media":1101,"comment_status":"closed","ping_status":"closed","template":"","meta":[],"product_brand":[],"product_cat":[20,35],"product_tag":[],"class_list":{"0":"post-1100","1":"product","2":"type-product","3":"status-publish","4":"has-post-thumbnail","6":"product_cat-gruas-hidraulicas-articuladas","7":"product_cat-gama-alta","9":"first","10":"instock","11":"shipping-taxable","12":"product-type-simple"},"_links":{"self":[{"href":"https:\/\/www.gruasybasculantesdac.com\/en\/wp-json\/wp\/v2\/product\/1100","targetHints":{"allow":["GET"]}}],"collection":[{"href":"https:\/\/www.gruasybasculantesdac.com\/en\/wp-json\/wp\/v2\/product"}],"about":[{"href":"https:\/\/www.gruasybasculantesdac.com\/en\/wp-json\/wp\/v2\/types\/product"}],"replies":[{"embeddable":true,"href":"https:\/\/www.gruasybasculantesdac.com\/en\/wp-json\/wp\/v2\/comments?post=1100"}],"wp:featuredmedia":[{"embeddable":true,"href":"https:\/\/www.gruasybasculantesdac.com\/en\/wp-json\/wp\/v2\/media\/1101"}],"wp:attachment":[{"href":"https:\/\/www.gruasybasculantesdac.com\/en\/wp-json\/wp\/v2\/media?parent=1100"}],"wp:term":[{"taxonomy":"product_brand","embeddable":true,"href":"https:\/\/www.gruasybasculantesdac.com\/en\/wp-json\/wp\/v2\/product_brand?post=1100"},{"taxonomy":"product_cat","embeddable":true,"href":"https:\/\/www.gruasybasculantesdac.com\/en\/wp-json\/wp\/v2\/product_cat?post=1100"},{"taxonomy":"product_tag","embeddable":true,"href":"https:\/\/www.gruasybasculantesdac.com\/en\/wp-json\/wp\/v2\/product_tag?post=1100"}],"curies":[{"name":"wp","href":"https:\/\/api.w.org\/{rel}","templated":true}]}}