{"id":1092,"date":"2024-03-17T12:43:54","date_gmt":"2024-03-17T11:43:54","guid":{"rendered":"https:\/\/www.gruasybasculantesdac.com\/?post_type=product&#038;p=1092"},"modified":"2024-03-17T12:43:55","modified_gmt":"2024-03-17T11:43:55","slug":"pk-78002-sh-high-performance","status":"publish","type":"product","link":"https:\/\/www.gruasybasculantesdac.com\/en\/pk-78002-sh-high-performance\/","title":{"rendered":"PK 78002 SH High Performance"},"content":{"rendered":"<p>La gr\u00faa articulada de carga Palfinger PK 78002 SH High Performance redefine las expectativas en su clase, incorporando tecnolog\u00edas avanzadas para brindar un rendimiento superior en todas las operaciones. Destacando su sistema DPS, esta gr\u00faa articulada garantiza un equilibrio \u00f3ptimo entre un impresionante alcance y una capacidad de elevaci\u00f3n excepcional, permitiendo afrontar los trabajos m\u00e1s exigentes con facilidad.<\/p>\n<p>La confiabilidad se lleva al m\u00e1ximo gracias a la integraci\u00f3n de PAL 150, un sistema que asegura la operatividad de la gr\u00faa en las condiciones m\u00e1s desafiantes. Adem\u00e1s, su eficiencia se ve potenciada con la inclusi\u00f3n de un jib mejorado por el sistema DPS Plus, lo que ampl\u00eda significativamente su versatilidad y capacidad de maniobra en espacios reducidos.<\/p>\n<p>Una de las grandes ventajas de la Palfinger PK 78002 SH High Performance es su mayor disponibilidad operativa, lograda a trav\u00e9s de un sistema de prolongas que requiere mantenimiento reducido. Este aspecto, combinado con su dise\u00f1o funcional, no solo hace a la gr\u00faa pr\u00e1ctica en su uso diario, sino tambi\u00e9n atractiva a la vista, cumpliendo con las expectativas est\u00e9ticas actuales.<\/p>\n<p>La implementaci\u00f3n de un sistema de giro continuo es otro de los pilares en la eficiencia y velocidad de esta gr\u00faa, facilitando operaciones m\u00e1s fluidas y r\u00e1pidas, lo que se traduce en una optimizaci\u00f3n del tiempo y recursos en cada proyecto.<\/p>\n<p>En resumen, la Palfinger PK 78002 SH High Performance es sin\u00f3nimo de perfecci\u00f3n en acci\u00f3n, estableciendo nuevos est\u00e1ndares de desempe\u00f1o, confiabilidad y eficiencia en el mundo de las gr\u00faas articuladas de carga.<\/p>","protected":false},"excerpt":{"rendered":"<h2 class=\"titulointerior\">Comprar Palfinger PK 78002 SH High Performance<\/h2>\n<div class=\"elementor-element elementor-element-d18684c jedv-enabled--yes elementor-widget-divider--view-line elementor-widget elementor-widget-divider\" data-id=\"d18684c\" data-element_type=\"widget\" data-widget_type=\"divider.default\">\n<div class=\"elementor-widget-container\">\n<div class=\"elementor-divider\">\n\t\t\t<span class=\"elementor-divider-separator\"><br \/>\n\t\t\t\t\t\t<\/span>\n\t\t<\/div>\n<\/p><\/div>\n<\/p><\/div>\n<p>\t\t\t\u00bfEst\u00e1s interesado en comprar la Palfinger PK 78002 SH High Performance y optimizar tu proceso de trabajo y alcanzar nuevos niveles de productividad?<br \/>\n\t\t\tGr\u00faas y basculantes DAC vende maquinaria de Palfinger, en concreto la Palfinger PK 78002 SH High Performance. Esta innovadora herramienta redefine los est\u00e1ndares de eficiencia y rendimiento.  <br \/>Esta m\u00e1quina cuenta con caracter\u00edsticas de vanguardia dise\u00f1adas para ofrecer resultados excepcionales. Desde su tecnolog\u00eda de \u00faltima generaci\u00f3n hasta su dise\u00f1o ergon\u00f3mico, cada detalle ha sido cuidadosamente considerado para satisfacer las demandas de los profesionales m\u00e1s exigentes.<br \/>Si est\u00e1s interesado en comprar la Palfinger PK 78002 SH High Performance no lo dudes, ll\u00e1manos o escr\u00edbenos para poder disfrutar de una maquinaria l\u00edder en el mercado <\/p>","protected":false},"featured_media":1093,"comment_status":"closed","ping_status":"closed","template":"","meta":[],"product_brand":[],"product_cat":[20,35],"product_tag":[],"class_list":{"0":"post-1092","1":"product","2":"type-product","3":"status-publish","4":"has-post-thumbnail","6":"product_cat-gruas-hidraulicas-articuladas","7":"product_cat-gama-alta","9":"first","10":"instock","11":"shipping-taxable","12":"product-type-simple"},"_links":{"self":[{"href":"https:\/\/www.gruasybasculantesdac.com\/en\/wp-json\/wp\/v2\/product\/1092","targetHints":{"allow":["GET"]}}],"collection":[{"href":"https:\/\/www.gruasybasculantesdac.com\/en\/wp-json\/wp\/v2\/product"}],"about":[{"href":"https:\/\/www.gruasybasculantesdac.com\/en\/wp-json\/wp\/v2\/types\/product"}],"replies":[{"embeddable":true,"href":"https:\/\/www.gruasybasculantesdac.com\/en\/wp-json\/wp\/v2\/comments?post=1092"}],"wp:featuredmedia":[{"embeddable":true,"href":"https:\/\/www.gruasybasculantesdac.com\/en\/wp-json\/wp\/v2\/media\/1093"}],"wp:attachment":[{"href":"https:\/\/www.gruasybasculantesdac.com\/en\/wp-json\/wp\/v2\/media?parent=1092"}],"wp:term":[{"taxonomy":"product_brand","embeddable":true,"href":"https:\/\/www.gruasybasculantesdac.com\/en\/wp-json\/wp\/v2\/product_brand?post=1092"},{"taxonomy":"product_cat","embeddable":true,"href":"https:\/\/www.gruasybasculantesdac.com\/en\/wp-json\/wp\/v2\/product_cat?post=1092"},{"taxonomy":"product_tag","embeddable":true,"href":"https:\/\/www.gruasybasculantesdac.com\/en\/wp-json\/wp\/v2\/product_tag?post=1092"}],"curies":[{"name":"wp","href":"https:\/\/api.w.org\/{rel}","templated":true}]}}