{"id":1078,"date":"2024-03-17T03:25:50","date_gmt":"2024-03-17T02:25:50","guid":{"rendered":"https:\/\/www.gruasybasculantesdac.com\/?post_type=product&#038;p=1078"},"modified":"2024-03-17T03:25:50","modified_gmt":"2024-03-17T02:25:50","slug":"pk-65002-sh-high-performance","status":"publish","type":"product","link":"https:\/\/www.gruasybasculantesdac.com\/en\/pk-65002-sh-high-performance\/","title":{"rendered":"PK 65002 SH High Performance"},"content":{"rendered":"<p>Descubre la excelencia en rendimiento con la Palfinger PK 65002 SH High Performance, un emblema de fiabilidad avanzada gracias a la tecnolog\u00eda PAL 150. Su eficiencia se eleva a nuevas alturas con la incorporaci\u00f3n del jib, optimizada a\u00fan m\u00e1s por el sistema DPS Plus, asegurando una operaci\u00f3n sobresaliente y versatilidad en cada tarea. La precisi\u00f3n y la seguridad alcanzan niveles sin precedentes mediante la opci\u00f3n de AOS, proporcionando una experiencia de manejo insuperable.<\/p>\n<p>Disfruta de una mayor operatividad gracias a un dise\u00f1o que reduce significativamente la necesidad de mantenimiento en el sistema de prolongas, asegurando que la gr\u00faa est\u00e9 lista cuando t\u00fa lo est\u00e9s. Su dise\u00f1o funcional no solo es pr\u00e1ctico sino tambi\u00e9n visualmente atractivo, fusionando rendimiento con est\u00e9tica.<\/p>\n<p>La Palfinger PK 65002 SH High Performance redefine los l\u00edmites de la capacidad de elevaci\u00f3n. Equipada con HPSC, esta gr\u00faa aprovecha al m\u00e1ximo su potencial incluso en los espacios m\u00e1s reducidos, garantizando una eficacia excepcional.<\/p>\n<p>Experimenta la perfecci\u00f3n en acci\u00f3n con una gr\u00faa que est\u00e1 dise\u00f1ada para superar las expectativas m\u00e1s exigentes, estableciendo nuevos est\u00e1ndares en el sector.<\/p>","protected":false},"excerpt":{"rendered":"<h2 class=\"titulointerior\">Comprar Palfinger PK 65002 SH High Performance<\/h2>\n<div class=\"elementor-element elementor-element-d18684c jedv-enabled--yes elementor-widget-divider--view-line elementor-widget elementor-widget-divider\" data-id=\"d18684c\" data-element_type=\"widget\" data-widget_type=\"divider.default\">\n<div class=\"elementor-widget-container\">\n<div class=\"elementor-divider\">\n\t\t\t<span class=\"elementor-divider-separator\"><br \/>\n\t\t\t\t\t\t<\/span>\n\t\t<\/div>\n<\/p><\/div>\n<\/p><\/div>\n<p>\t\t\t\u00bfEst\u00e1s interesado en comprar la Palfinger PK 65002 SH High Performance y optimizar tu proceso de trabajo y alcanzar nuevos niveles de productividad?<br \/>\n\t\t\tGr\u00faas y basculantes DAC vende maquinaria de Palfinger, en concreto la Palfinger PK 65002 SH High Performance. Esta innovadora herramienta redefine los est\u00e1ndares de eficiencia y rendimiento.  <br \/>Esta m\u00e1quina cuenta con caracter\u00edsticas de vanguardia dise\u00f1adas para ofrecer resultados excepcionales. Desde su tecnolog\u00eda de \u00faltima generaci\u00f3n hasta su dise\u00f1o ergon\u00f3mico, cada detalle ha sido cuidadosamente considerado para satisfacer las demandas de los profesionales m\u00e1s exigentes.<br \/>Si est\u00e1s interesado en comprar la Palfinger PK 65002 SH High Performance no lo dudes, ll\u00e1manos o escr\u00edbenos para poder disfrutar de una maquinaria l\u00edder en el mercado <\/p>","protected":false},"featured_media":1079,"comment_status":"closed","ping_status":"closed","template":"","meta":[],"product_brand":[],"product_cat":[20,35],"product_tag":[],"class_list":{"0":"post-1078","1":"product","2":"type-product","3":"status-publish","4":"has-post-thumbnail","6":"product_cat-gruas-hidraulicas-articuladas","7":"product_cat-gama-alta","9":"first","10":"instock","11":"shipping-taxable","12":"product-type-simple"},"_links":{"self":[{"href":"https:\/\/www.gruasybasculantesdac.com\/en\/wp-json\/wp\/v2\/product\/1078","targetHints":{"allow":["GET"]}}],"collection":[{"href":"https:\/\/www.gruasybasculantesdac.com\/en\/wp-json\/wp\/v2\/product"}],"about":[{"href":"https:\/\/www.gruasybasculantesdac.com\/en\/wp-json\/wp\/v2\/types\/product"}],"replies":[{"embeddable":true,"href":"https:\/\/www.gruasybasculantesdac.com\/en\/wp-json\/wp\/v2\/comments?post=1078"}],"wp:featuredmedia":[{"embeddable":true,"href":"https:\/\/www.gruasybasculantesdac.com\/en\/wp-json\/wp\/v2\/media\/1079"}],"wp:attachment":[{"href":"https:\/\/www.gruasybasculantesdac.com\/en\/wp-json\/wp\/v2\/media?parent=1078"}],"wp:term":[{"taxonomy":"product_brand","embeddable":true,"href":"https:\/\/www.gruasybasculantesdac.com\/en\/wp-json\/wp\/v2\/product_brand?post=1078"},{"taxonomy":"product_cat","embeddable":true,"href":"https:\/\/www.gruasybasculantesdac.com\/en\/wp-json\/wp\/v2\/product_cat?post=1078"},{"taxonomy":"product_tag","embeddable":true,"href":"https:\/\/www.gruasybasculantesdac.com\/en\/wp-json\/wp\/v2\/product_tag?post=1078"}],"curies":[{"name":"wp","href":"https:\/\/api.w.org\/{rel}","templated":true}]}}