{"id":1072,"date":"2024-03-17T03:15:21","date_gmt":"2024-03-17T02:15:21","guid":{"rendered":"https:\/\/www.gruasybasculantesdac.com\/?post_type=product&#038;p=1072"},"modified":"2024-03-17T03:15:22","modified_gmt":"2024-03-17T02:15:22","slug":"pk-63002-eh-high-performance","status":"publish","type":"product","link":"https:\/\/www.gruasybasculantesdac.com\/en\/pk-63002-eh-high-performance\/","title":{"rendered":"PK 63002 EH High Performance"},"content":{"rendered":"<p>Descubra la excelencia operativa con la Palfinger PK 63002 EH High Performance, una gr\u00faa articulada de carga dise\u00f1ada para superar las expectativas en el \u00e1mbito de la elevaci\u00f3n. Equipada con un avanzado sistema de giro continuo, esta gr\u00faa optimiza su eficiencia y agilidad en el trabajo, garantizando una utilizaci\u00f3n efectiva a lo largo de toda su vida \u00fatil.<\/p>\n<p>La Palfinger PK 63002 EH High Performance redefine la rapidez y la eficacia en las operaciones de elevaci\u00f3n gracias a su innovador sistema de giro continuo, permitiendo movimientos suaves y precisos en cualquier direcci\u00f3n. Su superior capacidad de elevaci\u00f3n se ve potenciada por el sistema E-HPLS, que mejora significativamente el rendimiento al ofrecer una fuerza de elevaci\u00f3n excepcional.<\/p>\n<p>Dise\u00f1ada pensando tanto en la funcionalidad como en la est\u00e9tica, esta gr\u00faa no solo es pr\u00e1ctica sino tambi\u00e9n visualmente atractiva, integr\u00e1ndose perfectamente en una amplia gama de aplicaciones y entornos de trabajo. La durabilidad es una caracter\u00edstica destacada de la Palfinger PK 63002 EH High Performance, cuyo revestimiento KTL le confiere un alto valor residual al protegerla contra la corrosi\u00f3n y el desgaste a lo largo del tiempo.<\/p>\n<p>Experimente la perfecci\u00f3n en acci\u00f3n con la Palfinger PK 63002 EH High Performance, una soluci\u00f3n de elevaci\u00f3n que combina rendimiento excepcional, dise\u00f1o innovador y durabilidad inigualable.<\/p>","protected":false},"excerpt":{"rendered":"<h2 class=\"titulointerior\">Comprar Palfinger PK 63002 EH High Performance<\/h2>\n<div class=\"elementor-element elementor-element-d18684c jedv-enabled--yes elementor-widget-divider--view-line elementor-widget elementor-widget-divider\" data-id=\"d18684c\" data-element_type=\"widget\" data-widget_type=\"divider.default\">\n<div class=\"elementor-widget-container\">\n<div class=\"elementor-divider\">\n\t\t\t<span class=\"elementor-divider-separator\"><br \/>\n\t\t\t\t\t\t<\/span>\n\t\t<\/div>\n<\/p><\/div>\n<\/p><\/div>\n<p>\t\t\t\u00bfEst\u00e1s interesado en comprar la Palfinger PK 63002 EH High Performance y optimizar tu proceso de trabajo y alcanzar nuevos niveles de productividad?<br \/>\n\t\t\tGr\u00faas y basculantes DAC vende maquinaria de Palfinger, en concreto la Palfinger PK 63002 EH High Performance. Esta innovadora herramienta redefine los est\u00e1ndares de eficiencia y rendimiento.  <br \/>Esta m\u00e1quina cuenta con caracter\u00edsticas de vanguardia dise\u00f1adas para ofrecer resultados excepcionales. Desde su tecnolog\u00eda de \u00faltima generaci\u00f3n hasta su dise\u00f1o ergon\u00f3mico, cada detalle ha sido cuidadosamente considerado para satisfacer las demandas de los profesionales m\u00e1s exigentes.<br \/>Si est\u00e1s interesado en comprar la Palfinger PK 63002 EH High Performance no lo dudes, ll\u00e1manos o escr\u00edbenos para poder disfrutar de una maquinaria l\u00edder en el mercado <\/p>","protected":false},"featured_media":1073,"comment_status":"closed","ping_status":"closed","template":"","meta":[],"product_brand":[],"product_cat":[20,35],"product_tag":[],"class_list":{"0":"post-1072","1":"product","2":"type-product","3":"status-publish","4":"has-post-thumbnail","6":"product_cat-gruas-hidraulicas-articuladas","7":"product_cat-gama-alta","9":"first","10":"instock","11":"shipping-taxable","12":"product-type-simple"},"_links":{"self":[{"href":"https:\/\/www.gruasybasculantesdac.com\/en\/wp-json\/wp\/v2\/product\/1072","targetHints":{"allow":["GET"]}}],"collection":[{"href":"https:\/\/www.gruasybasculantesdac.com\/en\/wp-json\/wp\/v2\/product"}],"about":[{"href":"https:\/\/www.gruasybasculantesdac.com\/en\/wp-json\/wp\/v2\/types\/product"}],"replies":[{"embeddable":true,"href":"https:\/\/www.gruasybasculantesdac.com\/en\/wp-json\/wp\/v2\/comments?post=1072"}],"wp:featuredmedia":[{"embeddable":true,"href":"https:\/\/www.gruasybasculantesdac.com\/en\/wp-json\/wp\/v2\/media\/1073"}],"wp:attachment":[{"href":"https:\/\/www.gruasybasculantesdac.com\/en\/wp-json\/wp\/v2\/media?parent=1072"}],"wp:term":[{"taxonomy":"product_brand","embeddable":true,"href":"https:\/\/www.gruasybasculantesdac.com\/en\/wp-json\/wp\/v2\/product_brand?post=1072"},{"taxonomy":"product_cat","embeddable":true,"href":"https:\/\/www.gruasybasculantesdac.com\/en\/wp-json\/wp\/v2\/product_cat?post=1072"},{"taxonomy":"product_tag","embeddable":true,"href":"https:\/\/www.gruasybasculantesdac.com\/en\/wp-json\/wp\/v2\/product_tag?post=1072"}],"curies":[{"name":"wp","href":"https:\/\/api.w.org\/{rel}","templated":true}]}}