{"id":1063,"date":"2024-03-17T02:51:37","date_gmt":"2024-03-17T01:51:37","guid":{"rendered":"https:\/\/www.gruasybasculantesdac.com\/?post_type=product&#038;p=1063"},"modified":"2024-03-17T02:51:38","modified_gmt":"2024-03-17T01:51:38","slug":"pk-580-tec","status":"publish","type":"product","link":"https:\/\/www.gruasybasculantesdac.com\/en\/pk-580-tec\/","title":{"rendered":"PK 580 TEC"},"content":{"rendered":"<p>Optimice su trabajo con el avanzado sistema de control electr\u00f3nico PALTRONIC 180 presente en la Palfinger PK 580 TEC. Este sistema garantiza una operatividad suave y precisa, amplificada por la v\u00e1lvula de control LX-6 de alta sensibilidad. Experimente una combinaci\u00f3n \u00fanica de robustez y ligereza en el mecanismo de brazo, gracias al innovador dise\u00f1o P-Profile. La eficiencia operativa alcanza nuevos niveles con el sistema de giro continuo, permitiendo movimientos m\u00e1s \u00e1giles y r\u00e1pidos.<\/p>\n<p>La Palfinger PK 580 TEC se distingue por su facilidad de uso, incorporando el mando a distancia PALcom P7, especialmente dise\u00f1ado por PALFINGER para una experiencia de usuario intuitiva y eficiente. Aumente su productividad con el uso del fly-jib, mejorado por la tecnolog\u00eda DPS-P, que optimiza la capacidad de carga en extensiones mayores. Aproveche al m\u00e1ximo el rango de trabajo de la gr\u00faa con la ayuda del sistema HPSC ampliado, que permite una utilizaci\u00f3n m\u00e1s eficaz del espacio operativo.<\/p>\n<p>Adem\u00e1s de su sobresaliente rendimiento, la Palfinger PK 580 TEC cuenta con un dise\u00f1o funcional, pr\u00e1ctico y visualmente atractivo, asegurando que no solo es una herramienta de trabajo excepcional, sino tambi\u00e9n un complemento est\u00e9tico para su flota.<\/p>","protected":false},"excerpt":{"rendered":"<h2 class=\"titulointerior\">Comprar Palfinger PK 580 TEC<\/h2>\n<div class=\"elementor-element elementor-element-d18684c jedv-enabled--yes elementor-widget-divider--view-line elementor-widget elementor-widget-divider\" data-id=\"d18684c\" data-element_type=\"widget\" data-widget_type=\"divider.default\">\n<div class=\"elementor-widget-container\">\n<div class=\"elementor-divider\">\n\t\t\t<span class=\"elementor-divider-separator\"><br \/>\n\t\t\t\t\t\t<\/span>\n\t\t<\/div>\n<\/p><\/div>\n<\/p><\/div>\n<p>\t\t\t\u00bfEst\u00e1s interesado en comprar la Palfinger PK 580 TEC y optimizar tu proceso de trabajo y alcanzar nuevos niveles de productividad?<br \/>\n\t\t\tGr\u00faas y basculantes DAC vende maquinaria de Palfinger, en concreto la Palfinger PK 580 TEC. Esta innovadora herramienta redefine los est\u00e1ndares de eficiencia y rendimiento.  <br \/>Esta m\u00e1quina cuenta con caracter\u00edsticas de vanguardia dise\u00f1adas para ofrecer resultados excepcionales. Desde su tecnolog\u00eda de \u00faltima generaci\u00f3n hasta su dise\u00f1o ergon\u00f3mico, cada detalle ha sido cuidadosamente considerado para satisfacer las demandas de los profesionales m\u00e1s exigentes.<br \/>Si est\u00e1s interesado en comprar la Palfinger PK 580 TEC no lo dudes, ll\u00e1manos o escr\u00edbenos para poder disfrutar de una maquinaria l\u00edder en el mercado <\/p>","protected":false},"featured_media":1064,"comment_status":"closed","ping_status":"closed","template":"","meta":[],"product_brand":[],"product_cat":[20,35],"product_tag":[],"class_list":{"0":"post-1063","1":"product","2":"type-product","3":"status-publish","4":"has-post-thumbnail","6":"product_cat-gruas-hidraulicas-articuladas","7":"product_cat-gama-alta","9":"first","10":"instock","11":"shipping-taxable","12":"product-type-simple"},"_links":{"self":[{"href":"https:\/\/www.gruasybasculantesdac.com\/en\/wp-json\/wp\/v2\/product\/1063","targetHints":{"allow":["GET"]}}],"collection":[{"href":"https:\/\/www.gruasybasculantesdac.com\/en\/wp-json\/wp\/v2\/product"}],"about":[{"href":"https:\/\/www.gruasybasculantesdac.com\/en\/wp-json\/wp\/v2\/types\/product"}],"replies":[{"embeddable":true,"href":"https:\/\/www.gruasybasculantesdac.com\/en\/wp-json\/wp\/v2\/comments?post=1063"}],"wp:featuredmedia":[{"embeddable":true,"href":"https:\/\/www.gruasybasculantesdac.com\/en\/wp-json\/wp\/v2\/media\/1064"}],"wp:attachment":[{"href":"https:\/\/www.gruasybasculantesdac.com\/en\/wp-json\/wp\/v2\/media?parent=1063"}],"wp:term":[{"taxonomy":"product_brand","embeddable":true,"href":"https:\/\/www.gruasybasculantesdac.com\/en\/wp-json\/wp\/v2\/product_brand?post=1063"},{"taxonomy":"product_cat","embeddable":true,"href":"https:\/\/www.gruasybasculantesdac.com\/en\/wp-json\/wp\/v2\/product_cat?post=1063"},{"taxonomy":"product_tag","embeddable":true,"href":"https:\/\/www.gruasybasculantesdac.com\/en\/wp-json\/wp\/v2\/product_tag?post=1063"}],"curies":[{"name":"wp","href":"https:\/\/api.w.org\/{rel}","templated":true}]}}