{"id":1051,"date":"2024-03-16T21:01:20","date_gmt":"2024-03-16T20:01:20","guid":{"rendered":"https:\/\/www.gruasybasculantesdac.com\/?post_type=product&#038;p=1051"},"modified":"2024-03-16T21:01:20","modified_gmt":"2024-03-16T20:01:20","slug":"pk-480-tec","status":"publish","type":"product","link":"https:\/\/www.gruasybasculantesdac.com\/en\/pk-480-tec\/","title":{"rendered":"PK 480 TEC"},"content":{"rendered":"<p>Optimice su rendimiento con la gr\u00faa articulada Palfinger PK 480 TEC, dise\u00f1ada para llevar la eficiencia y la funcionalidad a nuevos niveles. Equipada con el avanzado sistema electr\u00f3nico PALTRONIC 180, esta gr\u00faa ofrece un control preciso y sensible, ideal para maniobras delicadas y exigentes. La incorporaci\u00f3n de la v\u00e1lvula de control LX-6 asegura una respuesta \u00e1gil en todas las operaciones, permitiendo un manejo m\u00e1s intuitivo y eficaz.<\/p>\n<p>Gracias a la innovadora tecnolog\u00eda P-Profile, la Palfinger PK 480 TEC se beneficia de un sistema de brazo que combina rigidez y ligereza, asegurando una capacidad de carga superior sin comprometer la maniobrabilidad. Adem\u00e1s, su sistema de giro continuo potencia la eficiencia operativa, permitiendo movimientos m\u00e1s r\u00e1pidos y fluidos para acortar los tiempos de trabajo.<\/p>\n<p>La comodidad del operador es primordial, y por ello, esta gr\u00faa incluye el mando por radio PALcom P7, una soluci\u00f3n de control a distancia desarrollada exclusivamente por PALFINGER, que facilita el uso y mejora la experiencia de operaci\u00f3n. Junto con el DPS-P, el rendimiento del fly-jib alcanza nuevos est\u00e1ndares de eficiencia, ampliando las posibilidades en cada tarea.<\/p>\n<p>La seguridad y optimizaci\u00f3n del espacio de trabajo son esenciales, y la Palfinger PK 480 TEC no decepciona. Con la implementaci\u00f3n de la HPSC (High Performance Stability Control) ampliada, se maximiza el uso del rango de trabajo de la gr\u00faa, asegurando operaciones seguras en cualquier entorno.<\/p>\n<p>Adem\u00e1s, esta gr\u00faa no solo es funcional, sino tambi\u00e9n est\u00e9ticamente atractiva. Su dise\u00f1o pr\u00e1ctico no solo facilita las operaciones diarias, sino que tambi\u00e9n destaca en el lugar de trabajo por su apariencia moderna y profesional.<\/p>\n<p>La Palfinger PK 480 TEC representa el equilibrio perfecto entre rendimiento, eficiencia y dise\u00f1o, convirti\u00e9ndola en la opci\u00f3n ideal para aquellos que buscan elevar su capacidad operativa sin comprometer la calidad o seguridad.<\/p>","protected":false},"excerpt":{"rendered":"<h2 class=\"titulointerior\">Comprar Palfinger PK 480 TEC<\/h2>\n<div class=\"elementor-element elementor-element-d18684c jedv-enabled--yes elementor-widget-divider--view-line elementor-widget elementor-widget-divider\" data-id=\"d18684c\" data-element_type=\"widget\" data-widget_type=\"divider.default\">\n<div class=\"elementor-widget-container\">\n<div class=\"elementor-divider\">\n\t\t\t<span class=\"elementor-divider-separator\"><br \/>\n\t\t\t\t\t\t<\/span>\n\t\t<\/div>\n<\/p><\/div>\n<\/p><\/div>\n<p>\t\t\t\u00bfEst\u00e1s interesado en comprar la Palfinger PK 480 TEC y optimizar tu proceso de trabajo y alcanzar nuevos niveles de productividad?<br \/>\n\t\t\tGr\u00faas y basculantes DAC vende maquinaria de Palfinger, en concreto la Palfinger PK 480 TEC. Esta innovadora herramienta redefine los est\u00e1ndares de eficiencia y rendimiento.  <br \/>Esta m\u00e1quina cuenta con caracter\u00edsticas de vanguardia dise\u00f1adas para ofrecer resultados excepcionales. Desde su tecnolog\u00eda de \u00faltima generaci\u00f3n hasta su dise\u00f1o ergon\u00f3mico, cada detalle ha sido cuidadosamente considerado para satisfacer las demandas de los profesionales m\u00e1s exigentes.<br \/>Si est\u00e1s interesado en comprar la Palfinger PK 480 TEC no lo dudes, ll\u00e1manos o escr\u00edbenos para poder disfrutar de una maquinaria l\u00edder en el mercado <\/p>","protected":false},"featured_media":1052,"comment_status":"closed","ping_status":"closed","template":"","meta":[],"product_brand":[],"product_cat":[20,35],"product_tag":[],"class_list":{"0":"post-1051","1":"product","2":"type-product","3":"status-publish","4":"has-post-thumbnail","6":"product_cat-gruas-hidraulicas-articuladas","7":"product_cat-gama-alta","9":"first","10":"instock","11":"shipping-taxable","12":"product-type-simple"},"_links":{"self":[{"href":"https:\/\/www.gruasybasculantesdac.com\/en\/wp-json\/wp\/v2\/product\/1051","targetHints":{"allow":["GET"]}}],"collection":[{"href":"https:\/\/www.gruasybasculantesdac.com\/en\/wp-json\/wp\/v2\/product"}],"about":[{"href":"https:\/\/www.gruasybasculantesdac.com\/en\/wp-json\/wp\/v2\/types\/product"}],"replies":[{"embeddable":true,"href":"https:\/\/www.gruasybasculantesdac.com\/en\/wp-json\/wp\/v2\/comments?post=1051"}],"wp:featuredmedia":[{"embeddable":true,"href":"https:\/\/www.gruasybasculantesdac.com\/en\/wp-json\/wp\/v2\/media\/1052"}],"wp:attachment":[{"href":"https:\/\/www.gruasybasculantesdac.com\/en\/wp-json\/wp\/v2\/media?parent=1051"}],"wp:term":[{"taxonomy":"product_brand","embeddable":true,"href":"https:\/\/www.gruasybasculantesdac.com\/en\/wp-json\/wp\/v2\/product_brand?post=1051"},{"taxonomy":"product_cat","embeddable":true,"href":"https:\/\/www.gruasybasculantesdac.com\/en\/wp-json\/wp\/v2\/product_cat?post=1051"},{"taxonomy":"product_tag","embeddable":true,"href":"https:\/\/www.gruasybasculantesdac.com\/en\/wp-json\/wp\/v2\/product_tag?post=1051"}],"curies":[{"name":"wp","href":"https:\/\/api.w.org\/{rel}","templated":true}]}}