{"id":1041,"date":"2024-03-16T20:39:05","date_gmt":"2024-03-16T19:39:05","guid":{"rendered":"https:\/\/www.gruasybasculantesdac.com\/?post_type=product&#038;p=1041"},"modified":"2024-03-16T20:39:06","modified_gmt":"2024-03-16T19:39:06","slug":"pk-44502-high-performance","status":"publish","type":"product","link":"https:\/\/www.gruasybasculantesdac.com\/en\/pk-44502-high-performance\/","title":{"rendered":"PK 44502 High Performance"},"content":{"rendered":"<p>La Palfinger PK 44502 High Performance redefine los est\u00e1ndares de eficiencia y rendimiento en el sector de las gr\u00faas articuladas de carga. Este modelo sobresale por la integraci\u00f3n \u00f3ptima de sistemas electr\u00f3nicos y hidr\u00e1ulicos, proporcionando una capacidad de elevaci\u00f3n excepcional y asegurando una operaci\u00f3n econ\u00f3micamente ventajosa.<\/p>\n<p>Su dise\u00f1o avanzado permite maximizar el \u00e1rea de trabajo a trav\u00e9s de la innovadora tecnolog\u00eda HPSC (High Performance Stability Control), garantizando una adaptabilidad y precisi\u00f3n incomparables en cualquier entorno. Adem\u00e1s, la incorporaci\u00f3n de Power Link Plus facilita la ejecuci\u00f3n de tareas complejas, ampliando significativamente el rango de aplicaciones posibles.<\/p>\n<p>Con la High Speed Extension, la Palfinger PK 44502 High Performance agiliza los ciclos de carga, reduciendo significativamente los tiempos de operaci\u00f3n y aumentando la productividad. La durabilidad y la estabilidad son inigualables gracias a su revestimiento KTL, que protege eficazmente contra la corrosi\u00f3n y los da\u00f1os, asegurando una larga vida \u00fatil.<\/p>\n<p>La comodidad del operador es una prioridad, por lo que esta gr\u00faa puede equiparse con un radiocontrol remoto opcional, ofreciendo una maniobrabilidad precisa y sencilla desde cualquier posici\u00f3n, lo que mejora significativamente la experiencia de uso y la seguridad en el lugar de trabajo.<\/p>\n<p>En resumen, la Palfinger PK 44502 High Performance es la elecci\u00f3n perfecta para profesionales que buscan un rendimiento superior, versatilidad en aplicaciones y una operaci\u00f3n rentable, todo ello sin comprometer la facilidad de uso o la seguridad.<\/p>","protected":false},"excerpt":{"rendered":"<h2 class=\"titulointerior\">Comprar Palfinger PK 44502 High Performance<\/h2>\n<div class=\"elementor-element elementor-element-d18684c jedv-enabled--yes elementor-widget-divider--view-line elementor-widget elementor-widget-divider\" data-id=\"d18684c\" data-element_type=\"widget\" data-widget_type=\"divider.default\">\n<div class=\"elementor-widget-container\">\n<div class=\"elementor-divider\">\n\t\t\t<span class=\"elementor-divider-separator\"><br \/>\n\t\t\t\t\t\t<\/span>\n\t\t<\/div>\n<\/p><\/div>\n<\/p><\/div>\n<p>\t\t\t\u00bfEst\u00e1s interesado en comprar la Palfinger PK 44502 High Performance y optimizar tu proceso de trabajo y alcanzar nuevos niveles de productividad?<br \/>\n\t\t\tGr\u00faas y basculantes DAC vende maquinaria de Palfinger, en concreto la Palfinger PK 44502 High Performance. Esta innovadora herramienta redefine los est\u00e1ndares de eficiencia y rendimiento.  <br \/>Esta m\u00e1quina cuenta con caracter\u00edsticas de vanguardia dise\u00f1adas para ofrecer resultados excepcionales. Desde su tecnolog\u00eda de \u00faltima generaci\u00f3n hasta su dise\u00f1o ergon\u00f3mico, cada detalle ha sido cuidadosamente considerado para satisfacer las demandas de los profesionales m\u00e1s exigentes.<br \/>Si est\u00e1s interesado en comprar la Palfinger PK 44502 High Performance no lo dudes, ll\u00e1manos o escr\u00edbenos para poder disfrutar de una maquinaria l\u00edder en el mercado <\/p>","protected":false},"featured_media":1044,"comment_status":"closed","ping_status":"closed","template":"","meta":[],"product_brand":[],"product_cat":[20,35],"product_tag":[],"class_list":{"0":"post-1041","1":"product","2":"type-product","3":"status-publish","4":"has-post-thumbnail","6":"product_cat-gruas-hidraulicas-articuladas","7":"product_cat-gama-alta","9":"first","10":"instock","11":"shipping-taxable","12":"product-type-simple"},"_links":{"self":[{"href":"https:\/\/www.gruasybasculantesdac.com\/en\/wp-json\/wp\/v2\/product\/1041","targetHints":{"allow":["GET"]}}],"collection":[{"href":"https:\/\/www.gruasybasculantesdac.com\/en\/wp-json\/wp\/v2\/product"}],"about":[{"href":"https:\/\/www.gruasybasculantesdac.com\/en\/wp-json\/wp\/v2\/types\/product"}],"replies":[{"embeddable":true,"href":"https:\/\/www.gruasybasculantesdac.com\/en\/wp-json\/wp\/v2\/comments?post=1041"}],"wp:featuredmedia":[{"embeddable":true,"href":"https:\/\/www.gruasybasculantesdac.com\/en\/wp-json\/wp\/v2\/media\/1044"}],"wp:attachment":[{"href":"https:\/\/www.gruasybasculantesdac.com\/en\/wp-json\/wp\/v2\/media?parent=1041"}],"wp:term":[{"taxonomy":"product_brand","embeddable":true,"href":"https:\/\/www.gruasybasculantesdac.com\/en\/wp-json\/wp\/v2\/product_brand?post=1041"},{"taxonomy":"product_cat","embeddable":true,"href":"https:\/\/www.gruasybasculantesdac.com\/en\/wp-json\/wp\/v2\/product_cat?post=1041"},{"taxonomy":"product_tag","embeddable":true,"href":"https:\/\/www.gruasybasculantesdac.com\/en\/wp-json\/wp\/v2\/product_tag?post=1041"}],"curies":[{"name":"wp","href":"https:\/\/api.w.org\/{rel}","templated":true}]}}