{"id":1022,"date":"2024-03-16T12:58:28","date_gmt":"2024-03-16T11:58:28","guid":{"rendered":"https:\/\/www.gruasybasculantesdac.com\/?post_type=product&#038;p=1022"},"modified":"2024-03-16T13:00:02","modified_gmt":"2024-03-16T12:00:02","slug":"pk-370-tec","status":"publish","type":"product","link":"https:\/\/www.gruasybasculantesdac.com\/en\/pk-370-tec\/","title":{"rendered":"PK 370 TEC"},"content":{"rendered":"<p>Eleva tu eficiencia y precisi\u00f3n en el trabajo con la gr\u00faa articulada de carga Palfinger PK 370 TEC, dise\u00f1ada para superar tus expectativas. Experimenta un control inigualable a trav\u00e9s del avanzado sistema electr\u00f3nico PALTRONIC 180, y la v\u00e1lvula de control LX-6, que te ofrecen una sensibilidad excepcional y una respuesta instant\u00e1nea a tus comandos.<\/p>\n<p>Disfruta de un rendimiento superior con el sistema de brazo P-Profile de Palfinger, una innovaci\u00f3n que combina rigidez y ligereza, optimizando la capacidad de carga sin comprometer la movilidad. La incorporaci\u00f3n del sistema de giro continuo eleva la productividad al permitir maniobras m\u00e1s r\u00e1pidas y fluidas, asegurando que cada tarea se realice con la mayor eficiencia.<\/p>\n<p>La comodidad y facilidad de uso se han llevado al siguiente nivel con el mando por radio PALcom P7, un desarrollo exclusivo de Palfinger que pone el control total al alcance de tu mano. Adem\u00e1s, la eficiencia se ve potenciada por la incorporaci\u00f3n de fly-jib con DPS-P, permitiendo un aprovechamiento \u00f3ptimo de la capacidad de carga en cualquier configuraci\u00f3n.<\/p>\n<p>Con un dise\u00f1o tanto funcional como atractivo, la Palfinger PK 370 TEC no solo mejora la est\u00e9tica de tu flota, sino que tambi\u00e9n te permite maximizar el uso del rango de trabajo gracias al sistema HPSC ampliado, asegurando una versatilidad y rendimiento sin precedentes.<\/p>","protected":false},"excerpt":{"rendered":"<h2 class=\"titulointerior\">Comprar Palfinger PK 370 TEC<\/h2>\n<div class=\"elementor-element elementor-element-d18684c jedv-enabled--yes elementor-widget-divider--view-line elementor-widget elementor-widget-divider\" data-id=\"d18684c\" data-element_type=\"widget\" data-widget_type=\"divider.default\">\n<div class=\"elementor-widget-container\">\n<div class=\"elementor-divider\"><span class=\"elementor-divider-separator\">\u00a0<\/span><\/div>\n<\/div>\n<\/div>\n<p>\u00bfEst\u00e1s interesado en comprar la Palfinger PK 370 TEC y optimizar tu proceso de trabajo y alcanzar nuevos niveles de productividad?<br \/>\nGr\u00faas y basculantes DAC vende maquinaria de Palfinger, en concreto la Palfinger PK 370 TEC. Esta innovadora herramienta redefine los est\u00e1ndares de eficiencia y rendimiento.<br \/>\nEsta m\u00e1quina cuenta con caracter\u00edsticas de vanguardia dise\u00f1adas para ofrecer resultados excepcionales. Desde su tecnolog\u00eda de \u00faltima generaci\u00f3n hasta su dise\u00f1o ergon\u00f3mico, cada detalle ha sido cuidadosamente considerado para satisfacer las demandas de los profesionales m\u00e1s exigentes.<br \/>\nSi est\u00e1s interesado en comprar la Palfinger PK 370 TEC no lo dudes, ll\u00e1manos o escr\u00edbenos para poder disfrutar de una maquinaria l\u00edder en el mercado<\/p>","protected":false},"featured_media":1023,"comment_status":"closed","ping_status":"closed","template":"","meta":[],"product_brand":[],"product_cat":[20,34],"product_tag":[],"class_list":{"0":"post-1022","1":"product","2":"type-product","3":"status-publish","4":"has-post-thumbnail","6":"product_cat-gruas-hidraulicas-articuladas","7":"product_cat-gama-media","9":"first","10":"instock","11":"shipping-taxable","12":"product-type-simple"},"_links":{"self":[{"href":"https:\/\/www.gruasybasculantesdac.com\/en\/wp-json\/wp\/v2\/product\/1022","targetHints":{"allow":["GET"]}}],"collection":[{"href":"https:\/\/www.gruasybasculantesdac.com\/en\/wp-json\/wp\/v2\/product"}],"about":[{"href":"https:\/\/www.gruasybasculantesdac.com\/en\/wp-json\/wp\/v2\/types\/product"}],"replies":[{"embeddable":true,"href":"https:\/\/www.gruasybasculantesdac.com\/en\/wp-json\/wp\/v2\/comments?post=1022"}],"wp:featuredmedia":[{"embeddable":true,"href":"https:\/\/www.gruasybasculantesdac.com\/en\/wp-json\/wp\/v2\/media\/1023"}],"wp:attachment":[{"href":"https:\/\/www.gruasybasculantesdac.com\/en\/wp-json\/wp\/v2\/media?parent=1022"}],"wp:term":[{"taxonomy":"product_brand","embeddable":true,"href":"https:\/\/www.gruasybasculantesdac.com\/en\/wp-json\/wp\/v2\/product_brand?post=1022"},{"taxonomy":"product_cat","embeddable":true,"href":"https:\/\/www.gruasybasculantesdac.com\/en\/wp-json\/wp\/v2\/product_cat?post=1022"},{"taxonomy":"product_tag","embeddable":true,"href":"https:\/\/www.gruasybasculantesdac.com\/en\/wp-json\/wp\/v2\/product_tag?post=1022"}],"curies":[{"name":"wp","href":"https:\/\/api.w.org\/{rel}","templated":true}]}}