{"id":1018,"date":"2024-03-16T12:35:40","date_gmt":"2024-03-16T11:35:40","guid":{"rendered":"https:\/\/www.gruasybasculantesdac.com\/?post_type=product&#038;p=1018"},"modified":"2024-03-16T12:35:41","modified_gmt":"2024-03-16T11:35:41","slug":"pk-365-tec","status":"publish","type":"product","link":"https:\/\/www.gruasybasculantesdac.com\/en\/pk-365-tec\/","title":{"rendered":"PK 365 TEC"},"content":{"rendered":"<p>Optimice su rendimiento con la avanzada gr\u00faa articulada de carga Palfinger PK 365 TEC, dise\u00f1ada para superar los retos m\u00e1s exigentes en el \u00e1mbito de la elevaci\u00f3n. Experimente un control preciso y sin esfuerzo con el innovador sistema de control electr\u00f3nico PALTRONIC 180, que garantiza una operaci\u00f3n segura y eficiente en cada uso.<\/p>\n<p>Benef\u00edciese de un sistema de brazo excepcionalmente r\u00edgido y ligero, logrado mediante la exclusiva tecnolog\u00eda P-Profile de PALFINGER, que no solo mejora el rendimiento sino que tambi\u00e9n reduce el desgaste general. La comodidad y la facilidad de uso se llevan al siguiente nivel con el mando por radio PALcom P7, dise\u00f1ado espec\u00edficamente por PALFINGER para ofrecer una experiencia de usuario inigualable, permitiendo un control intuitivo y una maniobrabilidad precisa de la gr\u00faa.<\/p>\n<p>Maximice la eficiencia en sus operaciones con la adici\u00f3n de fly-jib, potenciada por el sistema DPS-P, que expande las capacidades de elevaci\u00f3n y posicionamiento de la gr\u00faa, asegurando una mayor versatilidad en el trabajo. Adem\u00e1s, la tecnolog\u00eda HPSC ampliado optimiza la utilizaci\u00f3n del rango de trabajo de la gr\u00faa, permitiendo alcanzar con precisi\u00f3n aquellos lugares dif\u00edciles de acceder.<\/p>\n<p>La Palfinger PK 365 TEC se distingue por una potencia de elevaci\u00f3n superior, cortes\u00eda del sistema S-HPLS, que asegura el manejo de cargas pesadas con facilidad y seguridad. Todo esto, complementado con un dise\u00f1o funcional, pr\u00e1ctico y visualmente atractivo, hace de esta gr\u00faa la elecci\u00f3n perfecta para profesionales que buscan eficiencia, confiabilidad y est\u00e9tica en su equipo de trabajo.<\/p>","protected":false},"excerpt":{"rendered":"<h2 class=\"titulointerior\">Comprar Palfinger PK 365 TEC<\/h2>\n<div class=\"elementor-element elementor-element-d18684c jedv-enabled--yes elementor-widget-divider--view-line elementor-widget elementor-widget-divider\" data-id=\"d18684c\" data-element_type=\"widget\" data-widget_type=\"divider.default\">\n<div class=\"elementor-widget-container\">\n<div class=\"elementor-divider\">\n\t\t\t<span class=\"elementor-divider-separator\"><br \/>\n\t\t\t\t\t\t<\/span>\n\t\t<\/div>\n<\/p><\/div>\n<\/p><\/div>\n<p>\t\t\t\u00bfEst\u00e1s interesado en comprar la Palfinger PK 365 TEC y optimizar tu proceso de trabajo y alcanzar nuevos niveles de productividad?<br \/>\n\t\t\tGr\u00faas y basculantes DAC vende maquinaria de Palfinger, en concreto la Palfinger PK 365 TEC. Esta innovadora herramienta redefine los est\u00e1ndares de eficiencia y rendimiento.  <br \/>Esta m\u00e1quina cuenta con caracter\u00edsticas de vanguardia dise\u00f1adas para ofrecer resultados excepcionales. Desde su tecnolog\u00eda de \u00faltima generaci\u00f3n hasta su dise\u00f1o ergon\u00f3mico, cada detalle ha sido cuidadosamente considerado para satisfacer las demandas de los profesionales m\u00e1s exigentes.<br \/>Si est\u00e1s interesado en comprar la Palfinger PK 365 TEC no lo dudes, ll\u00e1manos o escr\u00edbenos para poder disfrutar de una maquinaria l\u00edder en el mercado <\/p>","protected":false},"featured_media":1019,"comment_status":"closed","ping_status":"closed","template":"","meta":[],"product_brand":[],"product_cat":[20,34],"product_tag":[],"class_list":{"0":"post-1018","1":"product","2":"type-product","3":"status-publish","4":"has-post-thumbnail","6":"product_cat-gruas-hidraulicas-articuladas","7":"product_cat-gama-media","9":"first","10":"instock","11":"shipping-taxable","12":"product-type-simple"},"_links":{"self":[{"href":"https:\/\/www.gruasybasculantesdac.com\/en\/wp-json\/wp\/v2\/product\/1018","targetHints":{"allow":["GET"]}}],"collection":[{"href":"https:\/\/www.gruasybasculantesdac.com\/en\/wp-json\/wp\/v2\/product"}],"about":[{"href":"https:\/\/www.gruasybasculantesdac.com\/en\/wp-json\/wp\/v2\/types\/product"}],"replies":[{"embeddable":true,"href":"https:\/\/www.gruasybasculantesdac.com\/en\/wp-json\/wp\/v2\/comments?post=1018"}],"wp:featuredmedia":[{"embeddable":true,"href":"https:\/\/www.gruasybasculantesdac.com\/en\/wp-json\/wp\/v2\/media\/1019"}],"wp:attachment":[{"href":"https:\/\/www.gruasybasculantesdac.com\/en\/wp-json\/wp\/v2\/media?parent=1018"}],"wp:term":[{"taxonomy":"product_brand","embeddable":true,"href":"https:\/\/www.gruasybasculantesdac.com\/en\/wp-json\/wp\/v2\/product_brand?post=1018"},{"taxonomy":"product_cat","embeddable":true,"href":"https:\/\/www.gruasybasculantesdac.com\/en\/wp-json\/wp\/v2\/product_cat?post=1018"},{"taxonomy":"product_tag","embeddable":true,"href":"https:\/\/www.gruasybasculantesdac.com\/en\/wp-json\/wp\/v2\/product_tag?post=1018"}],"curies":[{"name":"wp","href":"https:\/\/api.w.org\/{rel}","templated":true}]}}