{"id":1004,"date":"2024-03-15T13:03:04","date_gmt":"2024-03-15T12:03:04","guid":{"rendered":"https:\/\/www.gruasybasculantesdac.com\/?post_type=product&#038;p=1004"},"modified":"2024-03-15T13:03:04","modified_gmt":"2024-03-15T12:03:04","slug":"pk-33002-eh-high-performance","status":"publish","type":"product","link":"https:\/\/www.gruasybasculantesdac.com\/en\/pk-33002-eh-high-performance\/","title":{"rendered":"PK 33002 EH High Performance"},"content":{"rendered":"<p>La Palfinger PK 33002 EH High Performance redefine la excelencia en el mundo de las gr\u00faas articuladas de carga, asegurando una protecci\u00f3n superior de su superficie para mantener una apariencia impecable a lo largo de toda su vida \u00fatil. Este modelo eleva el est\u00e1ndar de eficiencia, especialmente cuando se utiliza con un jib, gracias al innovador sistema DPS Plus, permitiendo operaciones m\u00e1s fluidas y vers\u00e1tiles.<\/p>\n<p>Su valor excepcional se ve reforzado por el revestimiento KTL, que garantiza no solo un aspecto est\u00e9tico inigualable desde el primer d\u00eda, sino tambi\u00e9n un valor residual sin precedentes. La incorporaci\u00f3n del sistema Power Link Plus abre la puerta a una amplia gama de aplicaciones adicionales, maximizando la flexibilidad y capacidad de respuesta ante cualquier desaf\u00edo.<\/p>\n<p>La Palfinger PK 33002 EH High Performance destaca en capacidad de elevaci\u00f3n gracias al sistema E-HPLS, que optimiza el rendimiento para elevar cargas m\u00e1s pesadas de manera eficiente. Adem\u00e1s, su dise\u00f1o inteligente reduce significativamente la necesidad de mantenimiento del sistema de prolongas, asegurando una mayor disponibilidad de la gr\u00faa y menos tiempo de inactividad.<\/p>\n<p>Experimente la PERFECCI\u00d3N EN ACCI\u00d3N con la Palfinger PK 33002 EH High Performance, donde la innovaci\u00f3n se encuentra con la durabilidad y el rendimiento excepcional.<\/p>","protected":false},"excerpt":{"rendered":"<h2 class=\"titulointerior\">Comprar Palfinger PK 33002 EH High Performance<\/h2>\n<div class=\"elementor-element elementor-element-d18684c jedv-enabled--yes elementor-widget-divider--view-line elementor-widget elementor-widget-divider\" data-id=\"d18684c\" data-element_type=\"widget\" data-widget_type=\"divider.default\">\n<div class=\"elementor-widget-container\">\n<div class=\"elementor-divider\">\n\t\t\t<span class=\"elementor-divider-separator\"><br \/>\n\t\t\t\t\t\t<\/span>\n\t\t<\/div>\n<\/p><\/div>\n<\/p><\/div>\n<p>\t\t\t\u00bfEst\u00e1s interesado en comprar la Palfinger PK 33002 EH High Performance y optimizar tu proceso de trabajo y alcanzar nuevos niveles de productividad?<br \/>\n\t\t\tGr\u00faas y basculantes DAC vende maquinaria de Palfinger, en concreto la Palfinger PK 33002 EH High Performance. Esta innovadora herramienta redefine los est\u00e1ndares de eficiencia y rendimiento.  <br \/>Esta m\u00e1quina cuenta con caracter\u00edsticas de vanguardia dise\u00f1adas para ofrecer resultados excepcionales. Desde su tecnolog\u00eda de \u00faltima generaci\u00f3n hasta su dise\u00f1o ergon\u00f3mico, cada detalle ha sido cuidadosamente considerado para satisfacer las demandas de los profesionales m\u00e1s exigentes.<br \/>Si est\u00e1s interesado en comprar la Palfinger PK 33002 EH High Performance no lo dudes, ll\u00e1manos o escr\u00edbenos para poder disfrutar de una maquinaria l\u00edder en el mercado <\/p>","protected":false},"featured_media":1005,"comment_status":"closed","ping_status":"closed","template":"","meta":[],"product_brand":[],"product_cat":[20,34],"product_tag":[],"class_list":{"0":"post-1004","1":"product","2":"type-product","3":"status-publish","4":"has-post-thumbnail","6":"product_cat-gruas-hidraulicas-articuladas","7":"product_cat-gama-media","9":"first","10":"instock","11":"shipping-taxable","12":"product-type-simple"},"_links":{"self":[{"href":"https:\/\/www.gruasybasculantesdac.com\/en\/wp-json\/wp\/v2\/product\/1004","targetHints":{"allow":["GET"]}}],"collection":[{"href":"https:\/\/www.gruasybasculantesdac.com\/en\/wp-json\/wp\/v2\/product"}],"about":[{"href":"https:\/\/www.gruasybasculantesdac.com\/en\/wp-json\/wp\/v2\/types\/product"}],"replies":[{"embeddable":true,"href":"https:\/\/www.gruasybasculantesdac.com\/en\/wp-json\/wp\/v2\/comments?post=1004"}],"wp:featuredmedia":[{"embeddable":true,"href":"https:\/\/www.gruasybasculantesdac.com\/en\/wp-json\/wp\/v2\/media\/1005"}],"wp:attachment":[{"href":"https:\/\/www.gruasybasculantesdac.com\/en\/wp-json\/wp\/v2\/media?parent=1004"}],"wp:term":[{"taxonomy":"product_brand","embeddable":true,"href":"https:\/\/www.gruasybasculantesdac.com\/en\/wp-json\/wp\/v2\/product_brand?post=1004"},{"taxonomy":"product_cat","embeddable":true,"href":"https:\/\/www.gruasybasculantesdac.com\/en\/wp-json\/wp\/v2\/product_cat?post=1004"},{"taxonomy":"product_tag","embeddable":true,"href":"https:\/\/www.gruasybasculantesdac.com\/en\/wp-json\/wp\/v2\/product_tag?post=1004"}],"curies":[{"name":"wp","href":"https:\/\/api.w.org\/{rel}","templated":true}]}}