{"id":1000,"date":"2024-03-15T12:38:27","date_gmt":"2024-03-15T11:38:27","guid":{"rendered":"https:\/\/www.gruasybasculantesdac.com\/?post_type=product&#038;p=1000"},"modified":"2024-03-15T12:38:28","modified_gmt":"2024-03-15T11:38:28","slug":"pk-300-tec","status":"publish","type":"product","link":"https:\/\/www.gruasybasculantesdac.com\/en\/pk-300-tec\/","title":{"rendered":"PK 300 TEC"},"content":{"rendered":"<p>Optimice su trabajo y mejore la eficiencia con la Palfinger PK 300 TEC, equipada con tecnolog\u00eda de vanguardia dise\u00f1ada para superar los desaf\u00edos de cualquier proyecto. Disfrute de una precisi\u00f3n sin precedentes gracias al sistema de control electr\u00f3nico PALTRONIC 180 y experimente una manipulaci\u00f3n m\u00e1s intuitiva y sensible mediante la v\u00e1lvula de control LX-6. Su dise\u00f1o innovador incorpora el P-Profile, otorgando al sistema de brazo una combinaci\u00f3n ideal de rigidez y ligereza, elevando as\u00ed el est\u00e1ndar de eficiencia y rapidez en las operaciones con su sistema de giro continuo.<\/p>\n<p>La Palfinger PK 300 TEC redefine la comodidad en el uso con el mando a distancia PALcom P7, desarrollado exclusivamente por PALFINGER, para asegurar un control preciso y c\u00f3modo en cada movimiento. Aumente su eficiencia operativa con la incorporaci\u00f3n de un fly-jib asistido por DPS-P, optimizando las tareas que requieren de un alcance adicional y precisi\u00f3n.<\/p>\n<p>Este modelo no solo destaca por su funcionalidad y rendimiento superior, sino tambi\u00e9n por su dise\u00f1o pr\u00e1ctico y est\u00e9ticamente atractivo, que facilita las operaciones y mejora la experiencia de usuario. Aproveche al m\u00e1ximo el rango de trabajo con la tecnolog\u00eda HPSC ampliado, dise\u00f1ada para maximizar la utilizaci\u00f3n del espacio y ofrecer una flexibilidad sin igual en el lugar de trabajo.<\/p>\n<p>Con la Palfinger PK 300 TEC, llevar\u00e1 su productividad a nuevos niveles, gracias a su combinaci\u00f3n de tecnolog\u00eda avanzada, dise\u00f1o inteligente y capacidades excepcionales.<\/p>","protected":false},"excerpt":{"rendered":"<h2 class=\"titulointerior\">Comprar Palfinger PK 300 TEC<\/h2>\n<div class=\"elementor-element elementor-element-d18684c jedv-enabled--yes elementor-widget-divider--view-line elementor-widget elementor-widget-divider\" data-id=\"d18684c\" data-element_type=\"widget\" data-widget_type=\"divider.default\">\n<div class=\"elementor-widget-container\">\n<div class=\"elementor-divider\">\n\t\t\t<span class=\"elementor-divider-separator\"><br \/>\n\t\t\t\t\t\t<\/span>\n\t\t<\/div>\n<\/p><\/div>\n<\/p><\/div>\n<p>\t\t\t\u00bfEst\u00e1s interesado en comprar la Palfinger PK 300 TEC y optimizar tu proceso de trabajo y alcanzar nuevos niveles de productividad?<br \/>\n\t\t\tGr\u00faas y basculantes DAC vende maquinaria de Palfinger, en concreto la Palfinger PK 300 TEC. Esta innovadora herramienta redefine los est\u00e1ndares de eficiencia y rendimiento.  <br \/>Esta m\u00e1quina cuenta con caracter\u00edsticas de vanguardia dise\u00f1adas para ofrecer resultados excepcionales. Desde su tecnolog\u00eda de \u00faltima generaci\u00f3n hasta su dise\u00f1o ergon\u00f3mico, cada detalle ha sido cuidadosamente considerado para satisfacer las demandas de los profesionales m\u00e1s exigentes.<br \/>Si est\u00e1s interesado en comprar la Palfinger PK 300 TEC no lo dudes, ll\u00e1manos o escr\u00edbenos para poder disfrutar de una maquinaria l\u00edder en el mercado <\/p>","protected":false},"featured_media":1001,"comment_status":"closed","ping_status":"closed","template":"","meta":[],"product_brand":[],"product_cat":[20,34],"product_tag":[],"class_list":{"0":"post-1000","1":"product","2":"type-product","3":"status-publish","4":"has-post-thumbnail","6":"product_cat-gruas-hidraulicas-articuladas","7":"product_cat-gama-media","9":"first","10":"instock","11":"shipping-taxable","12":"product-type-simple"},"_links":{"self":[{"href":"https:\/\/www.gruasybasculantesdac.com\/en\/wp-json\/wp\/v2\/product\/1000","targetHints":{"allow":["GET"]}}],"collection":[{"href":"https:\/\/www.gruasybasculantesdac.com\/en\/wp-json\/wp\/v2\/product"}],"about":[{"href":"https:\/\/www.gruasybasculantesdac.com\/en\/wp-json\/wp\/v2\/types\/product"}],"replies":[{"embeddable":true,"href":"https:\/\/www.gruasybasculantesdac.com\/en\/wp-json\/wp\/v2\/comments?post=1000"}],"wp:featuredmedia":[{"embeddable":true,"href":"https:\/\/www.gruasybasculantesdac.com\/en\/wp-json\/wp\/v2\/media\/1001"}],"wp:attachment":[{"href":"https:\/\/www.gruasybasculantesdac.com\/en\/wp-json\/wp\/v2\/media?parent=1000"}],"wp:term":[{"taxonomy":"product_brand","embeddable":true,"href":"https:\/\/www.gruasybasculantesdac.com\/en\/wp-json\/wp\/v2\/product_brand?post=1000"},{"taxonomy":"product_cat","embeddable":true,"href":"https:\/\/www.gruasybasculantesdac.com\/en\/wp-json\/wp\/v2\/product_cat?post=1000"},{"taxonomy":"product_tag","embeddable":true,"href":"https:\/\/www.gruasybasculantesdac.com\/en\/wp-json\/wp\/v2\/product_tag?post=1000"}],"curies":[{"name":"wp","href":"https:\/\/api.w.org\/{rel}","templated":true}]}}